{"id":104,"date":"2015-09-04T19:12:45","date_gmt":"2015-09-04T19:12:45","guid":{"rendered":"http:\/\/integrativer-kiga-sonnentor.de\/?page_id=104"},"modified":"2020-05-09T08:51:16","modified_gmt":"2020-05-09T08:51:16","slug":"maerchen-und-puppenspiel","status":"publish","type":"page","link":"https:\/\/integrativer-kiga-sonnentor.de\/?page_id=104","title":{"rendered":"M\u00e4rchen und Puppenspiel"},"content":{"rendered":"<p>Im Anschluss an die freie Spielzeit im Garten oder Wald sammeln sich die Kinder zum M\u00e4rchenkreis. \u00dcber einen Zeitraum von zwei bis drei Wochen wird den Kindern die gleiche Geschichte erz\u00e4hlt oder als Puppenspiel mit einfachen selbst gemachten Marionetten oder Stehpuppen vorgespielt. Meist werden kleine rhythmische Geschichten oder M\u00e4rchen ausgew\u00e4hlt, deren Inhalte der Lebenswelt der Kinder entsprechen, die zur Jahreszeit passen oder die die Kinder auf ein bevorstehendes Fest vorbereiten.<\/p>\n<p>Im Folgenden zeigen wir das M\u00e4rchen &#8222;Die B\u00f6ckchen Br\u00fcse&#8220; (aus dem Buch &#8222;Kleine M\u00e4rchen und Geschichten&#8220;, Arbeitsmaterial aus den Waldorfkinderg\u00e4rten, Verlag Freies Geistesleben).<\/p>\n<p><iframe loading=\"lazy\" title=\"M\u00e4rchenspiel\" width=\"700\" height=\"394\" src=\"https:\/\/www.youtube.com\/embed\/YKf4jciXU_0?feature=oembed\" frameborder=\"0\" allow=\"accelerometer; autoplay; encrypted-media; gyroscope; picture-in-picture\" allowfullscreen><\/iframe><\/p>\n<p>Und hier zeigen wir &#8222;Raupe Blau&#8220;:<\/p>\n<p><iframe loading=\"lazy\" title=\"M\u00e4rchenspiel 2\" width=\"700\" height=\"394\" src=\"https:\/\/www.youtube.com\/embed\/EA6LDAnCwlg?feature=oembed\" frameborder=\"0\" allow=\"accelerometer; autoplay; encrypted-media; gyroscope; picture-in-picture\" allowfullscreen><\/iframe><\/p>\n<p><strong>Warum erz\u00e4hlen wir M\u00e4rchen und Puppenspiele in einer Zeit, in der Kinder durch die Medien mehr als genug Unterhaltung erfahren?<\/strong><\/p>\n<p>Weil wir denken, dass erz\u00e4hlte M\u00e4rchen und schlicht gehaltene Puppenspiele f\u00fcr das Kind ein Weg zur\u00fcck zur sch\u00f6pferischen Phantasie sein k\u00f6nnen.<\/p>\n<p>Durch Fernsehen, Kino, Computer und unsere hektische Lebensweise sind Kinder heutzutage zu vielen und zu starken Sinneseindr\u00fccken ausgesetzt, so dass sie sich sch\u00fctzen m\u00fcssen und sich verschlie\u00dfen. Sie sind unkonzentriert, es f\u00e4llt ihnen schwer stillzusitzen und zuzuh\u00f6ren. Nicht selten empfinden die Kinder Langeweile und wissen nicht, was sie spielen sollen.<\/p>\n<p>Durch die inneren Bilder der M\u00e4rchen und die Bewegung der Puppen aber lassen die Kinder sich bezaubern. Ihr Gef\u00fchlsleben und ihr Denken wird angesprochen ohne sie zu \u00fcberfordern. Schon nach einigen Wochen erfinden die Kinder oft selbst kleine Geschichten und f\u00fchren mit Stricktieren und Puppen kleine Spiele auf.<\/p>\n<p>So sind M\u00e4rchen und Puppenspiele nicht nur Unterhaltung, sondern vor allem Spielerziehung und Phantasiepflege und dienen damit der St\u00e4rkung der Lebenskr\u00e4fte der Kinder.<i><\/i><\/p>\n<p>Die\u00a0 t\u00e4gliche Wiederholung \u00fcber drei bis vier Wochen hinweg ist wichtig, denn die kindliche Seele braucht Zeit, die Bilder in sich aufzunehmen und zu einem eigenen Spiel umzuwandeln.<\/p>\n<div align=\"justify\"><\/div>\n","protected":false},"excerpt":{"rendered":"<p>Im Anschluss an die freie Spielzeit im Garten oder Wald sammeln sich die Kinder zum M\u00e4rchenkreis. \u00dcber einen Zeitraum von zwei bis drei Wochen wird den Kindern die gleiche Geschichte erz\u00e4hlt oder als Puppenspiel mit einfachen selbst gemachten Marionetten oder&hellip; <\/p>\n","protected":false},"author":1,"featured_media":0,"parent":0,"menu_order":0,"comment_status":"closed","ping_status":"closed","template":"","meta":{"footnotes":""},"class_list":["post-104","page","type-page","status-publish","hentry"],"_links":{"self":[{"href":"https:\/\/integrativer-kiga-sonnentor.de\/index.php?rest_route=\/wp\/v2\/pages\/104","targetHints":{"allow":["GET"]}}],"collection":[{"href":"https:\/\/integrativer-kiga-sonnentor.de\/index.php?rest_route=\/wp\/v2\/pages"}],"about":[{"href":"https:\/\/integrativer-kiga-sonnentor.de\/index.php?rest_route=\/wp\/v2\/types\/page"}],"author":[{"embeddable":true,"href":"https:\/\/integrativer-kiga-sonnentor.de\/index.php?rest_route=\/wp\/v2\/users\/1"}],"replies":[{"embeddable":true,"href":"https:\/\/integrativer-kiga-sonnentor.de\/index.php?rest_route=%2Fwp%2Fv2%2Fcomments&post=104"}],"version-history":[{"count":13,"href":"https:\/\/integrativer-kiga-sonnentor.de\/index.php?rest_route=\/wp\/v2\/pages\/104\/revisions"}],"predecessor-version":[{"id":970,"href":"https:\/\/integrativer-kiga-sonnentor.de\/index.php?rest_route=\/wp\/v2\/pages\/104\/revisions\/970"}],"wp:attachment":[{"href":"https:\/\/integrativer-kiga-sonnentor.de\/index.php?rest_route=%2Fwp%2Fv2%2Fmedia&parent=104"}],"curies":[{"name":"wp","href":"https:\/\/api.w.org\/{rel}","templated":true}]}}