{"id":1067,"date":"2020-09-09T13:35:02","date_gmt":"2020-09-09T13:35:02","guid":{"rendered":"http:\/\/integrativer-kiga-sonnentor.de\/?page_id=1067"},"modified":"2025-05-25T20:26:44","modified_gmt":"2025-05-25T19:26:44","slug":"fruehfoerderung","status":"publish","type":"page","link":"https:\/\/integrativer-kiga-sonnentor.de\/?page_id=1067","title":{"rendered":"Fr\u00fchf\u00f6rderung"},"content":{"rendered":"<div class=\"wp-block-image\">\n<figure class=\"alignleft size-large is-resized\"><img loading=\"lazy\" decoding=\"async\" width=\"692\" height=\"461\" src=\"https:\/\/integrativer-kiga-sonnentor.de\/wp-content\/uploads\/2015\/09\/IMG_4389.jpg\" alt=\"\" class=\"wp-image-210\" style=\"width:279px;height:185px\" srcset=\"https:\/\/integrativer-kiga-sonnentor.de\/wp-content\/uploads\/2015\/09\/IMG_4389.jpg 692w, https:\/\/integrativer-kiga-sonnentor.de\/wp-content\/uploads\/2015\/09\/IMG_4389-300x200.jpg 300w\" sizes=\"auto, (max-width: 692px) 100vw, 692px\" \/><\/figure>\n<\/div>\n\n\n<p>Interdisziplin\u00e4re Fr\u00fchf\u00f6rderung ist eine Kombination aus Logop\u00e4die, Ergotherapie, Physiotherapie und Heilp\u00e4dagogik f\u00fcr Kinder. Dabei nimmt w\u00e4hrend der Therapie der Austausch mit den Eltern und Erzieherinnen eine wichtige Rolle ein. <\/p>\n\n\n\n<p>Damit ist die Fr\u00fchf\u00f6rderung ein interdisziplin\u00e4r abgestimmtes System von Hilfen f\u00fcr Kinder und ihre Familien. Sie endet meist mit dem Schuleintritt. Sie kommt zum Tragen beispielsweise bei Entwicklungsverz\u00f6gerungen\/-st\u00f6rungen, St\u00f6rungen der Fein- und Graphomotorik sowie der Grobmotorik, Unklarheit der H\u00e4ndigkeit, Auff\u00e4lligkeiten in der sozialen und emotionalen Entwicklung, Aufmerksamkeits- und Konzentrations- oder Wahrnehmungs- und Wahrnehmungsverarbeitungsst\u00f6rungen.<\/p>\n\n\n\n<p>Im Kindergarten Sonnentor arbeiten zwei Therapeuten aus dem Fr\u00fchf\u00f6rderzentrum der Lebenshilfe Bonn mit den Kindern. <\/p>\n","protected":false},"excerpt":{"rendered":"<p>Interdisziplin\u00e4re Fr\u00fchf\u00f6rderung ist eine Kombination aus Logop\u00e4die, Ergotherapie, Physiotherapie und Heilp\u00e4dagogik f\u00fcr Kinder. Dabei nimmt w\u00e4hrend der Therapie der Austausch mit den Eltern und Erzieherinnen eine wichtige Rolle ein. Damit ist die Fr\u00fchf\u00f6rderung ein interdisziplin\u00e4r abgestimmtes System von Hilfen f\u00fcr&hellip; <\/p>\n","protected":false},"author":1,"featured_media":0,"parent":0,"menu_order":0,"comment_status":"closed","ping_status":"closed","template":"","meta":{"footnotes":""},"class_list":["post-1067","page","type-page","status-publish","hentry"],"_links":{"self":[{"href":"https:\/\/integrativer-kiga-sonnentor.de\/index.php?rest_route=\/wp\/v2\/pages\/1067","targetHints":{"allow":["GET"]}}],"collection":[{"href":"https:\/\/integrativer-kiga-sonnentor.de\/index.php?rest_route=\/wp\/v2\/pages"}],"about":[{"href":"https:\/\/integrativer-kiga-sonnentor.de\/index.php?rest_route=\/wp\/v2\/types\/page"}],"author":[{"embeddable":true,"href":"https:\/\/integrativer-kiga-sonnentor.de\/index.php?rest_route=\/wp\/v2\/users\/1"}],"replies":[{"embeddable":true,"href":"https:\/\/integrativer-kiga-sonnentor.de\/index.php?rest_route=%2Fwp%2Fv2%2Fcomments&post=1067"}],"version-history":[{"count":4,"href":"https:\/\/integrativer-kiga-sonnentor.de\/index.php?rest_route=\/wp\/v2\/pages\/1067\/revisions"}],"predecessor-version":[{"id":1433,"href":"https:\/\/integrativer-kiga-sonnentor.de\/index.php?rest_route=\/wp\/v2\/pages\/1067\/revisions\/1433"}],"wp:attachment":[{"href":"https:\/\/integrativer-kiga-sonnentor.de\/index.php?rest_route=%2Fwp%2Fv2%2Fmedia&parent=1067"}],"curies":[{"name":"wp","href":"https:\/\/api.w.org\/{rel}","templated":true}]}}