{"id":1255,"date":"2022-03-28T08:11:26","date_gmt":"2022-03-28T08:11:26","guid":{"rendered":"https:\/\/integrativer-kiga-sonnentor.de\/?page_id=1255"},"modified":"2022-03-28T08:25:09","modified_gmt":"2022-03-28T08:25:09","slug":"spenden","status":"publish","type":"page","link":"https:\/\/integrativer-kiga-sonnentor.de\/?page_id=1255","title":{"rendered":"Spenden"},"content":{"rendered":"\n<p>Wenn Sie uns unterst\u00fctzen m\u00f6chten, freuen wir uns sehr dar\u00fcber. <br>\u00dcber finanzielle Spenden freuen wir uns, aber genau so \u00fcber Sach- und Zeitspenden. Bitte nehmen Sie hierzu Kontakt zu uns auf.<br>Da wir eine gemeinn\u00fctzige Einrichtung sind, k\u00f6nnen wir Ihnen gerne eine Zuwendungsbest\u00e4tigung ausstellen.<\/p>\n\n\n\n<div class=\"wp-block-cover\"><span aria-hidden=\"true\" class=\"wp-block-cover__gradient-background has-background-dim\"><\/span><img loading=\"lazy\" decoding=\"async\" width=\"498\" height=\"1024\" class=\"wp-block-cover__image-background wp-image-857\" alt=\"\" src=\"https:\/\/integrativer-kiga-sonnentor.de\/wp-content\/uploads\/2019\/10\/20190503_113138-e1572099637716-498x1024.jpg\" data-object-fit=\"cover\" srcset=\"https:\/\/integrativer-kiga-sonnentor.de\/wp-content\/uploads\/2019\/10\/20190503_113138-e1572099637716-498x1024.jpg 498w, https:\/\/integrativer-kiga-sonnentor.de\/wp-content\/uploads\/2019\/10\/20190503_113138-e1572099637716-146x300.jpg 146w, https:\/\/integrativer-kiga-sonnentor.de\/wp-content\/uploads\/2019\/10\/20190503_113138-e1572099637716-768x1580.jpg 768w, https:\/\/integrativer-kiga-sonnentor.de\/wp-content\/uploads\/2019\/10\/20190503_113138-e1572099637716.jpg 1960w\" sizes=\"auto, (max-width: 498px) 100vw, 498px\" \/><div class=\"wp-block-cover__inner-container is-layout-flow wp-block-cover-is-layout-flow\">\n<p class=\"has-text-align-center has-large-font-size\"><br><br><br><strong><em>Dankesch\u00f6n<\/em><\/strong><\/p>\n<\/div><\/div>\n","protected":false},"excerpt":{"rendered":"<p>Wenn Sie uns unterst\u00fctzen m\u00f6chten, freuen wir uns sehr dar\u00fcber. \u00dcber finanzielle Spenden freuen wir uns, aber genau so \u00fcber Sach- und Zeitspenden. Bitte nehmen Sie hierzu Kontakt zu uns auf.Da wir eine gemeinn\u00fctzige Einrichtung sind, k\u00f6nnen wir Ihnen gerne&hellip; <\/p>\n","protected":false},"author":1,"featured_media":0,"parent":0,"menu_order":0,"comment_status":"closed","ping_status":"closed","template":"","meta":{"footnotes":""},"class_list":["post-1255","page","type-page","status-publish","hentry"],"_links":{"self":[{"href":"https:\/\/integrativer-kiga-sonnentor.de\/index.php?rest_route=\/wp\/v2\/pages\/1255","targetHints":{"allow":["GET"]}}],"collection":[{"href":"https:\/\/integrativer-kiga-sonnentor.de\/index.php?rest_route=\/wp\/v2\/pages"}],"about":[{"href":"https:\/\/integrativer-kiga-sonnentor.de\/index.php?rest_route=\/wp\/v2\/types\/page"}],"author":[{"embeddable":true,"href":"https:\/\/integrativer-kiga-sonnentor.de\/index.php?rest_route=\/wp\/v2\/users\/1"}],"replies":[{"embeddable":true,"href":"https:\/\/integrativer-kiga-sonnentor.de\/index.php?rest_route=%2Fwp%2Fv2%2Fcomments&post=1255"}],"version-history":[{"count":3,"href":"https:\/\/integrativer-kiga-sonnentor.de\/index.php?rest_route=\/wp\/v2\/pages\/1255\/revisions"}],"predecessor-version":[{"id":1261,"href":"https:\/\/integrativer-kiga-sonnentor.de\/index.php?rest_route=\/wp\/v2\/pages\/1255\/revisions\/1261"}],"wp:attachment":[{"href":"https:\/\/integrativer-kiga-sonnentor.de\/index.php?rest_route=%2Fwp%2Fv2%2Fmedia&parent=1255"}],"curies":[{"name":"wp","href":"https:\/\/api.w.org\/{rel}","templated":true}]}}