{"id":126,"date":"2015-09-04T19:53:01","date_gmt":"2015-09-04T19:53:01","guid":{"rendered":"http:\/\/integrativer-kiga-sonnentor.de\/?page_id=126"},"modified":"2020-09-02T15:31:56","modified_gmt":"2020-09-02T15:31:56","slug":"logopaedie","status":"publish","type":"page","link":"https:\/\/integrativer-kiga-sonnentor.de\/?page_id=126","title":{"rendered":"Logop\u00e4die"},"content":{"rendered":"<div id=\"attachment_604\" style=\"width: 252px\" class=\"wp-caption alignleft\"><a href=\"https:\/\/integrativer-kiga-sonnentor.de\/wp-content\/uploads\/2018\/05\/2018-05-04-PHOTO-00000002.jpg\"><img loading=\"lazy\" decoding=\"async\" aria-describedby=\"caption-attachment-604\" class=\"size-medium wp-image-604\" src=\"https:\/\/integrativer-kiga-sonnentor.de\/wp-content\/uploads\/2018\/05\/2018-05-04-PHOTO-00000002-242x300.jpg\" alt=\"\" width=\"242\" height=\"300\" srcset=\"https:\/\/integrativer-kiga-sonnentor.de\/wp-content\/uploads\/2018\/05\/2018-05-04-PHOTO-00000002-242x300.jpg 242w, https:\/\/integrativer-kiga-sonnentor.de\/wp-content\/uploads\/2018\/05\/2018-05-04-PHOTO-00000002.jpg 637w\" sizes=\"auto, (max-width: 242px) 100vw, 242px\" \/><\/a><p id=\"caption-attachment-604\" class=\"wp-caption-text\">Fingerspiel<\/p><\/div>\n<p>Die Logop\u00e4die-Angebot im Sonnentor ist eingebunden in die t\u00e4gliche Arbeit mit den Kindern. Der direkte Austausch mit den Eltern und P\u00e4dagogen oder anderen Therapeuten ist folglich wesentlich leichter m\u00f6glich. So k\u00f6nnen alle Beteiligten die t\u00e4glichen Bed\u00fcrfnisse des Kindes und die sprachliche Entwicklung in seinem Alltag miterleben. Grunds\u00e4tzlich ist die sprachtherapeutische F\u00f6rderung in Sprach- und Handlungsspielr\u00e4ume eingebunden, die sich am Alltag der Kinder orientieren. Die Therapieinhalte sind individuell auf die Bed\u00fcrfnisse der einzelnen Kinder zugeschnitten. Die Kinder k\u00f6nnen sowohl einzeln als auch in der Gruppe von der Logop\u00e4din Frau Karin Eichm\u00fcller beobachtet und gef\u00f6rdert werden. Ziel der Logop\u00e4die ist die Erhaltung oder Wiederherstellung der gr\u00f6\u00dftm\u00f6glichen kommunikativen Kompetenz.<\/p>\n<p>Am Anfang einer jeden sprachtherapeutischen Intervention wird eine Befunderhebung durchgef\u00fchrt, um eine individuelle, alters- und st\u00f6rungsspezifische Therapieplanung zu gew\u00e4hrleisten.<\/p>\n<p>Insgesamt umfasst unsere sprachtherapeutische Arbeit folgende St\u00f6rungsbereiche:<\/p>\n<ul>\n<li>St\u00f6rung der Sprachentwicklung<\/li>\n<li>St\u00f6rung der Lautbildung und Grammatik, myofunktionelle Auff\u00e4lligkeiten<\/li>\n<li>angeborene und erworbene zentrale Sprach- und Sprechst\u00f6rungen<\/li>\n<li>Stimmst\u00f6rungen\/Atemflussst\u00f6rungen<\/li>\n<li>St\u00f6rungen des Redeflusses<\/li>\n<li>Stottern und Poltern<\/li>\n<li>Kau- und Schluckst\u00f6rungen (Esstherapie)<\/li>\n<li>Atemtherapie<\/li>\n<\/ul>\n<p>Bei Fragen bez\u00fcglich der Sprachentwicklung Ihres Kindes k\u00f6nnen Sie sich gerne an das p\u00e4dagogische Personal oder an unsere Logop\u00e4din wenden.<\/p>\n<p>Unsere <strong>staatlich gepr\u00fcfte Logop\u00e4din Karin Eichm\u00fcller<\/strong> ist seit 2016 im Kindergarten Sonnentor sprachtherapeutisch t\u00e4tig. Therapiezeiten sind derzeit <strong>mittwochs von 08:30 bis 12:00 Uhr im Kindergarten<\/strong>. Frau Eichm\u00fcller ist zudem in der Logop\u00e4dischen Praxis Claussen-W\u00e4tzel in Bonn-Duisdorf angestellt und arbeitet ausschlie\u00dflich auf \u00e4rztliche Verordnung.<\/p>\n","protected":false},"excerpt":{"rendered":"<p>Die Logop\u00e4die-Angebot im Sonnentor ist eingebunden in die t\u00e4gliche Arbeit mit den Kindern. Der direkte Austausch mit den Eltern und P\u00e4dagogen oder anderen Therapeuten ist folglich wesentlich leichter m\u00f6glich. So k\u00f6nnen alle Beteiligten die t\u00e4glichen Bed\u00fcrfnisse des Kindes und die&hellip; <\/p>\n","protected":false},"author":1,"featured_media":0,"parent":0,"menu_order":0,"comment_status":"closed","ping_status":"closed","template":"","meta":{"footnotes":""},"class_list":["post-126","page","type-page","status-publish","hentry"],"_links":{"self":[{"href":"https:\/\/integrativer-kiga-sonnentor.de\/index.php?rest_route=\/wp\/v2\/pages\/126","targetHints":{"allow":["GET"]}}],"collection":[{"href":"https:\/\/integrativer-kiga-sonnentor.de\/index.php?rest_route=\/wp\/v2\/pages"}],"about":[{"href":"https:\/\/integrativer-kiga-sonnentor.de\/index.php?rest_route=\/wp\/v2\/types\/page"}],"author":[{"embeddable":true,"href":"https:\/\/integrativer-kiga-sonnentor.de\/index.php?rest_route=\/wp\/v2\/users\/1"}],"replies":[{"embeddable":true,"href":"https:\/\/integrativer-kiga-sonnentor.de\/index.php?rest_route=%2Fwp%2Fv2%2Fcomments&post=126"}],"version-history":[{"count":11,"href":"https:\/\/integrativer-kiga-sonnentor.de\/index.php?rest_route=\/wp\/v2\/pages\/126\/revisions"}],"predecessor-version":[{"id":1047,"href":"https:\/\/integrativer-kiga-sonnentor.de\/index.php?rest_route=\/wp\/v2\/pages\/126\/revisions\/1047"}],"wp:attachment":[{"href":"https:\/\/integrativer-kiga-sonnentor.de\/index.php?rest_route=%2Fwp%2Fv2%2Fmedia&parent=126"}],"curies":[{"name":"wp","href":"https:\/\/api.w.org\/{rel}","templated":true}]}}