{"id":25,"date":"2015-08-25T14:28:10","date_gmt":"2015-08-25T14:28:10","guid":{"rendered":"http:\/\/integrativer-kiga-sonnentor.de\/?page_id=25"},"modified":"2019-04-09T19:43:18","modified_gmt":"2019-04-09T19:43:18","slug":"unser-tagesablauf","status":"publish","type":"page","link":"https:\/\/integrativer-kiga-sonnentor.de\/?page_id=25","title":{"rendered":"Unser Tagesablauf"},"content":{"rendered":"<div align=\"left\">\n<p>&nbsp;<\/p>\n<p align=\"center\"><u>Tagesablauf<\/u><\/p>\n<div id=\"attachment_617\" style=\"width: 310px\" class=\"wp-caption alignleft\"><a href=\"https:\/\/integrativer-kiga-sonnentor.de\/wp-content\/uploads\/2018\/05\/FullSizeRender-2.jpg\"><img loading=\"lazy\" decoding=\"async\" aria-describedby=\"caption-attachment-617\" class=\"size-medium wp-image-617\" src=\"https:\/\/integrativer-kiga-sonnentor.de\/wp-content\/uploads\/2018\/05\/FullSizeRender-2-300x225.jpg\" alt=\"\" width=\"300\" height=\"225\" srcset=\"https:\/\/integrativer-kiga-sonnentor.de\/wp-content\/uploads\/2018\/05\/FullSizeRender-2-300x225.jpg 300w, https:\/\/integrativer-kiga-sonnentor.de\/wp-content\/uploads\/2018\/05\/FullSizeRender-2-768x576.jpg 768w, https:\/\/integrativer-kiga-sonnentor.de\/wp-content\/uploads\/2018\/05\/FullSizeRender-2-1024x768.jpg 1024w, https:\/\/integrativer-kiga-sonnentor.de\/wp-content\/uploads\/2018\/05\/FullSizeRender-2.jpg 1280w\" sizes=\"auto, (max-width: 300px) 100vw, 300px\" \/><\/a><p id=\"caption-attachment-617\" class=\"wp-caption-text\">Morgenkreis<\/p><\/div>\n<p align=\"center\">Unser Tagesablauf verl\u00e4uft in einem rhythmischen Wechsel von Spannung und Entspannung, von Einatmen und Ausatmen. Die Kinder kommen zwischen 7.00 und sp\u00e4testens 9.00 Uhr bei uns an und beginnen oft mit einem Spiel ihrer Wahl. Manche Kinder ben\u00f6tigen noch etwas Zeit, bis sie ins freie Spiel eintauchen k\u00f6nnen und helfen bei h\u00e4uslichen, k\u00fcnstlerischen oder handwerklichen T\u00e4tigkeiten. Im Anschluss an die Freispielzeit und Aufr\u00e4umzeit finden sich alle Kinder zum Morgenkreis ein. Passend zur Jahreszeit werden Lieder, Verse und Bewegungsspiele ausgew\u00e4hlt. Danach wird das gemeinsam zubereitete, vollwertige Fr\u00fchst\u00fcck gegessen und so gest\u00e4rkt geht es dann nach drau\u00dfen. Der Garten bietet verschiedene Spiel- und Bet\u00e4tigungsm\u00f6glichkeiten, ebenso beliebt sind aber auch Spazierg\u00e4nge zu den nahe gelegenen Spielpl\u00e4tzen und in den Wald. Nachdem wir uns alle wieder drinnen eingefunden haben, schlie\u00dfen wir den Vormittag mit einem M\u00e4rchen oder Puppenspiel ab. Zu Mittag essen wir alle gemeinsam in der jeweiligen Gruppe, danach k\u00f6nnen die ersten Kinder um 13.00 Uhr abgeholt werden. F\u00fcr die Kinder, die im Kindergarten bleiben, schlie\u00dft sich eine Ruhezeit an und sie k\u00f6nnen um 14.30 Uhr bzw. nach Vesper und Spielzeit (k\u00fcnstlerische T\u00e4tigkeit) um sp\u00e4testens 16.15 Uhr abgeholt werden.<\/p>\n<\/div>\n<p><u>So gliedert sich der Tag f\u00fcr die Kinder<\/u>:<a href=\"https:\/\/integrativer-kiga-sonnentor.de\/wp-content\/uploads\/2015\/09\/IMG_10174.jpg\" target=\"_blank\" rel=\"noopener\"><img loading=\"lazy\" decoding=\"async\" class=\"alignright wp-image-87 size-medium\" src=\"https:\/\/integrativer-kiga-sonnentor.de\/wp-content\/uploads\/2015\/09\/IMG_10174-300x200.jpg\" alt=\"IMG_10174\" width=\"300\" height=\"200\" srcset=\"https:\/\/integrativer-kiga-sonnentor.de\/wp-content\/uploads\/2015\/09\/IMG_10174-300x200.jpg 300w, https:\/\/integrativer-kiga-sonnentor.de\/wp-content\/uploads\/2015\/09\/IMG_10174-1024x682.jpg 1024w, https:\/\/integrativer-kiga-sonnentor.de\/wp-content\/uploads\/2015\/09\/IMG_10174.jpg 1642w\" sizes=\"auto, (max-width: 300px) 100vw, 300px\" \/><\/a><\/p>\n<ul>\n<li>Ankommen zwischen 7.00 und 8.30 Uhr<\/li>\n<li><a href=\"https:\/\/integrativer-kiga-sonnentor.de\/?page_id=95\">Freispiel im Gruppenraum<\/a><\/li>\n<li><a href=\"https:\/\/integrativer-kiga-sonnentor.de\/?page_id=98\">Morgenkreis<\/a> oder <a href=\"https:\/\/integrativer-kiga-sonnentor.de\/?page_id=116\">Gruppeneurythmie<\/a><\/li>\n<li>Fr\u00fchst\u00fcck<\/li>\n<li><a href=\"https:\/\/integrativer-kiga-sonnentor.de\/?page_id=101\">Freispiel im Freien<\/a><\/li>\n<li><a href=\"https:\/\/integrativer-kiga-sonnentor.de\/?page_id=104\">M\u00e4rchen und Puppenspiel<\/a><\/li>\n<li><a href=\"https:\/\/integrativer-kiga-sonnentor.de\/?page_id=107\">Mittagessen<\/a><\/li>\n<li>erste Abholzeit 13.00 Uhr<\/li>\n<li><a href=\"https:\/\/integrativer-kiga-sonnentor.de\/?page_id=110\">Mittagsruhe\/-schlaf<\/a><\/li>\n<li>14.30 Uhr Abholzeit f\u00fcr 35-Stunden-Betreuung<\/li>\n<li>Freispiel drinnen oder drau\u00dfen\/<a href=\"https:\/\/integrativer-kiga-sonnentor.de\/?page_id=113\">k\u00fcnstlerische T\u00e4tigkeit<\/a><\/li>\n<li>sp\u00e4testens 16.15 Uhr Abholzeit f\u00fcr 45-Stunden-Betreuung<\/li>\n<\/ul>\n","protected":false},"excerpt":{"rendered":"<p>&nbsp; Tagesablauf Unser Tagesablauf verl\u00e4uft in einem rhythmischen Wechsel von Spannung und Entspannung, von Einatmen und Ausatmen. Die Kinder kommen zwischen 7.00 und sp\u00e4testens 9.00 Uhr bei uns an und beginnen oft mit einem Spiel ihrer Wahl. Manche Kinder ben\u00f6tigen&hellip; <\/p>\n","protected":false},"author":1,"featured_media":0,"parent":0,"menu_order":0,"comment_status":"closed","ping_status":"closed","template":"","meta":{"footnotes":""},"class_list":["post-25","page","type-page","status-publish","hentry"],"_links":{"self":[{"href":"https:\/\/integrativer-kiga-sonnentor.de\/index.php?rest_route=\/wp\/v2\/pages\/25","targetHints":{"allow":["GET"]}}],"collection":[{"href":"https:\/\/integrativer-kiga-sonnentor.de\/index.php?rest_route=\/wp\/v2\/pages"}],"about":[{"href":"https:\/\/integrativer-kiga-sonnentor.de\/index.php?rest_route=\/wp\/v2\/types\/page"}],"author":[{"embeddable":true,"href":"https:\/\/integrativer-kiga-sonnentor.de\/index.php?rest_route=\/wp\/v2\/users\/1"}],"replies":[{"embeddable":true,"href":"https:\/\/integrativer-kiga-sonnentor.de\/index.php?rest_route=%2Fwp%2Fv2%2Fcomments&post=25"}],"version-history":[{"count":14,"href":"https:\/\/integrativer-kiga-sonnentor.de\/index.php?rest_route=\/wp\/v2\/pages\/25\/revisions"}],"predecessor-version":[{"id":815,"href":"https:\/\/integrativer-kiga-sonnentor.de\/index.php?rest_route=\/wp\/v2\/pages\/25\/revisions\/815"}],"wp:attachment":[{"href":"https:\/\/integrativer-kiga-sonnentor.de\/index.php?rest_route=%2Fwp%2Fv2%2Fmedia&parent=25"}],"curies":[{"name":"wp","href":"https:\/\/api.w.org\/{rel}","templated":true}]}}