{"id":262,"date":"2015-09-11T07:37:40","date_gmt":"2015-09-11T07:37:40","guid":{"rendered":"http:\/\/integrativer-kiga-sonnentor.de\/?page_id=262"},"modified":"2018-04-18T19:21:09","modified_gmt":"2018-04-18T19:21:09","slug":"ueber-uns","status":"publish","type":"page","link":"https:\/\/integrativer-kiga-sonnentor.de\/?page_id=262","title":{"rendered":"\u00dcber uns"},"content":{"rendered":"<p><a href=\"https:\/\/integrativer-kiga-sonnentor.de\/wp-content\/uploads\/2018\/04\/2018-03-21-PHOTO-00000074.jpg\"><img loading=\"lazy\" decoding=\"async\" class=\"alignleft size-medium wp-image-596\" src=\"https:\/\/integrativer-kiga-sonnentor.de\/wp-content\/uploads\/2018\/04\/2018-03-21-PHOTO-00000074-225x300.jpg\" alt=\"\" width=\"225\" height=\"300\" srcset=\"https:\/\/integrativer-kiga-sonnentor.de\/wp-content\/uploads\/2018\/04\/2018-03-21-PHOTO-00000074-225x300.jpg 225w, https:\/\/integrativer-kiga-sonnentor.de\/wp-content\/uploads\/2018\/04\/2018-03-21-PHOTO-00000074-768x1024.jpg 768w, https:\/\/integrativer-kiga-sonnentor.de\/wp-content\/uploads\/2018\/04\/2018-03-21-PHOTO-00000074.jpg 960w\" sizes=\"auto, (max-width: 225px) 100vw, 225px\" \/><\/a>Wir sind ein zweigruppiger Kindergarten. In jeder Gruppe bieten wir f\u00fcnf Pl\u00e4tze f\u00fcr Kinder mit sonderp\u00e4dagogischem F\u00f6rderbedarf, sowie zehn Regelpl\u00e4tze an.<\/p>\n","protected":false},"excerpt":{"rendered":"<p>Wir sind ein zweigruppiger Kindergarten. In jeder Gruppe bieten wir f\u00fcnf Pl\u00e4tze f\u00fcr Kinder mit sonderp\u00e4dagogischem F\u00f6rderbedarf, sowie zehn Regelpl\u00e4tze an.<\/p>\n","protected":false},"author":1,"featured_media":0,"parent":0,"menu_order":0,"comment_status":"closed","ping_status":"closed","template":"","meta":{"footnotes":""},"class_list":["post-262","page","type-page","status-publish","hentry"],"_links":{"self":[{"href":"https:\/\/integrativer-kiga-sonnentor.de\/index.php?rest_route=\/wp\/v2\/pages\/262","targetHints":{"allow":["GET"]}}],"collection":[{"href":"https:\/\/integrativer-kiga-sonnentor.de\/index.php?rest_route=\/wp\/v2\/pages"}],"about":[{"href":"https:\/\/integrativer-kiga-sonnentor.de\/index.php?rest_route=\/wp\/v2\/types\/page"}],"author":[{"embeddable":true,"href":"https:\/\/integrativer-kiga-sonnentor.de\/index.php?rest_route=\/wp\/v2\/users\/1"}],"replies":[{"embeddable":true,"href":"https:\/\/integrativer-kiga-sonnentor.de\/index.php?rest_route=%2Fwp%2Fv2%2Fcomments&post=262"}],"version-history":[{"count":5,"href":"https:\/\/integrativer-kiga-sonnentor.de\/index.php?rest_route=\/wp\/v2\/pages\/262\/revisions"}],"predecessor-version":[{"id":600,"href":"https:\/\/integrativer-kiga-sonnentor.de\/index.php?rest_route=\/wp\/v2\/pages\/262\/revisions\/600"}],"wp:attachment":[{"href":"https:\/\/integrativer-kiga-sonnentor.de\/index.php?rest_route=%2Fwp%2Fv2%2Fmedia&parent=262"}],"curies":[{"name":"wp","href":"https:\/\/api.w.org\/{rel}","templated":true}]}}