{"id":41,"date":"2015-09-01T09:58:17","date_gmt":"2015-09-01T09:58:17","guid":{"rendered":"http:\/\/integrativer-kiga-sonnentor.de\/?page_id=41"},"modified":"2020-12-06T20:46:40","modified_gmt":"2020-12-06T20:46:40","slug":"therapeutische-massnahmen-und-angebote","status":"publish","type":"page","link":"https:\/\/integrativer-kiga-sonnentor.de\/?page_id=41","title":{"rendered":"Therapeutische Ma\u00dfnahmen und Angebote"},"content":{"rendered":"<p><a href=\"https:\/\/integrativer-kiga-sonnentor.de\/wp-content\/uploads\/2015\/09\/IMG_1257.jpg\"><img loading=\"lazy\" decoding=\"async\" class=\"alignleft size-medium wp-image-256\" src=\"https:\/\/integrativer-kiga-sonnentor.de\/wp-content\/uploads\/2015\/09\/IMG_1257-300x200.jpg\" alt=\"IMG_1257\" width=\"300\" height=\"200\" srcset=\"https:\/\/integrativer-kiga-sonnentor.de\/wp-content\/uploads\/2015\/09\/IMG_1257-300x200.jpg 300w, https:\/\/integrativer-kiga-sonnentor.de\/wp-content\/uploads\/2015\/09\/IMG_1257.jpg 692w\" sizes=\"auto, (max-width: 300px) 100vw, 300px\" \/><\/a><\/p>\n<p>Fester Bestandteil unseres integrativen Konzeptes sind verschiedene Therapien. Wir gehen davon aus, dass die gezielte F\u00f6rderung einzelner Kinder oder kleiner Gruppen von Kindern eine konkrete R\u00fcckwirkung auf den Gruppenalltag hat, denn die Entwicklung jedes einzelnen Kindes ist Voraussetzung f\u00fcr die Entwicklung der gesamten Gruppe. Des Weiteren setzen wir voraus, dass nur sozial handeln kann, wer auch ein ausreichendes Ma\u00df an Eigen- und Fremdwahrnehmung besitzt. So bedingen sich also Gruppenalltag und Therapie gegenseitig.<\/p>\n<p>Der Halt und die Sicherheit, welche der Gruppenalltag bietet, sind eine wichtige Voraussetzung f\u00fcr den Erfolg der Therapie. Gleichzeitig geben die in der Therapie gemachten Fortschritte den Kindern mehr und mehr die M\u00f6glichkeit, sich in der Gruppe zurecht zu finden.<\/p>\n<p>Therapie wird nicht im Sinne eines Funktionstrainings verstanden, sondern soll den Kindern helfen, sich mit ihrem Sosein zu arrangieren und sich &#8211; entsprechend ihrer M\u00f6glichkeiten &#8211; zu organisieren. Therapie ist also nicht defizit-orientiert und dient nicht ausschlie\u00dflich dazu, individuelle Defekte zu \u201eheilen\u201c, sondern sieht ihre Aufgabe auch darin, durch gezielte Hilfestellung neue Handlungskonzepte zu erwerben und so die Kompetenz des Kindes zu st\u00e4rken.<\/p>\n<p>Grundlage f\u00fcr die Festlegung der Therapien ist die <u>Therapeutenkonferenz<\/u>. Hier treffen sich Therapeuten und Erzieher regelm\u00e4\u00dfig, tauschen interdisziplin\u00e4re Beobachtungen, Erfahrungen und Fachwissen aus und entscheiden nach therapeutischen und p\u00e4dagogischen Gesichtspunkten \u00fcber Art und Dauer von Therapien. Bei Bedarf wird der Kinderarzt mit einbezogen.<\/p>\n<p>So k\u00f6nnen Therapien und Gruppenaktivit\u00e4ten zeitlich und inhaltlich immer wieder neu auf die jeweiligen Bed\u00fcrfnisse der Kinder abgestimmt werden.<\/p>\n<p>Die Therapien werden auf Rezept im Haus angeboten und finden im Kindergartenalltag statt.<\/p>\n","protected":false},"excerpt":{"rendered":"<p>Fester Bestandteil unseres integrativen Konzeptes sind verschiedene Therapien. Wir gehen davon aus, dass die gezielte F\u00f6rderung einzelner Kinder oder kleiner Gruppen von Kindern eine konkrete R\u00fcckwirkung auf den Gruppenalltag hat, denn die Entwicklung jedes einzelnen Kindes ist Voraussetzung f\u00fcr die&hellip; <\/p>\n","protected":false},"author":1,"featured_media":0,"parent":0,"menu_order":0,"comment_status":"closed","ping_status":"closed","template":"","meta":{"footnotes":""},"class_list":["post-41","page","type-page","status-publish","hentry"],"_links":{"self":[{"href":"https:\/\/integrativer-kiga-sonnentor.de\/index.php?rest_route=\/wp\/v2\/pages\/41","targetHints":{"allow":["GET"]}}],"collection":[{"href":"https:\/\/integrativer-kiga-sonnentor.de\/index.php?rest_route=\/wp\/v2\/pages"}],"about":[{"href":"https:\/\/integrativer-kiga-sonnentor.de\/index.php?rest_route=\/wp\/v2\/types\/page"}],"author":[{"embeddable":true,"href":"https:\/\/integrativer-kiga-sonnentor.de\/index.php?rest_route=\/wp\/v2\/users\/1"}],"replies":[{"embeddable":true,"href":"https:\/\/integrativer-kiga-sonnentor.de\/index.php?rest_route=%2Fwp%2Fv2%2Fcomments&post=41"}],"version-history":[{"count":7,"href":"https:\/\/integrativer-kiga-sonnentor.de\/index.php?rest_route=\/wp\/v2\/pages\/41\/revisions"}],"predecessor-version":[{"id":1117,"href":"https:\/\/integrativer-kiga-sonnentor.de\/index.php?rest_route=\/wp\/v2\/pages\/41\/revisions\/1117"}],"wp:attachment":[{"href":"https:\/\/integrativer-kiga-sonnentor.de\/index.php?rest_route=%2Fwp%2Fv2%2Fmedia&parent=41"}],"curies":[{"name":"wp","href":"https:\/\/api.w.org\/{rel}","templated":true}]}}