{"id":44,"date":"2015-09-01T09:58:47","date_gmt":"2015-09-01T09:58:47","guid":{"rendered":"http:\/\/integrativer-kiga-sonnentor.de\/?page_id=44"},"modified":"2020-06-09T18:50:17","modified_gmt":"2020-06-09T18:50:17","slug":"elternarbeit-im-kindergarten","status":"publish","type":"page","link":"https:\/\/integrativer-kiga-sonnentor.de\/?page_id=44","title":{"rendered":"Elternarbeit im Kindergarten"},"content":{"rendered":"<p><a href=\"https:\/\/integrativer-kiga-sonnentor.de\/wp-content\/uploads\/2015\/09\/2015_26.06._Verabschiedung-8812.jpg\"><img loading=\"lazy\" decoding=\"async\" class=\"alignleft wp-image-223 size-medium\" src=\"https:\/\/integrativer-kiga-sonnentor.de\/wp-content\/uploads\/2015\/09\/2015_26.06._Verabschiedung-8812-300x200.jpg\" alt=\"\" width=\"300\" height=\"200\" srcset=\"https:\/\/integrativer-kiga-sonnentor.de\/wp-content\/uploads\/2015\/09\/2015_26.06._Verabschiedung-8812-300x200.jpg 300w, https:\/\/integrativer-kiga-sonnentor.de\/wp-content\/uploads\/2015\/09\/2015_26.06._Verabschiedung-8812-1024x683.jpg 1024w, https:\/\/integrativer-kiga-sonnentor.de\/wp-content\/uploads\/2015\/09\/2015_26.06._Verabschiedung-8812.jpg 1037w\" sizes=\"auto, (max-width: 300px) 100vw, 300px\" \/><\/a>Der Kindergarten \u201eSonnentor\u201c ist eine <b>Elterninitiative!<\/b> Es sind also <b>Eltern<\/b>, die diesen Kindergarten gegr\u00fcndet und aufgebaut haben und auch weiterhin f\u00fcr dessen Aufrechterhaltung <b>verantwortlich sind<\/b>. Das bedeutet, dass die Elternschaft einen Vereinsvorstand w\u00e4hlt, der f\u00fcr die \u00f6ffentlichen und wirtschaftlichen Verpflichtungen zust\u00e4ndig ist. Der Vorstand teilt sich auf in folgende Zust\u00e4ndigkeiten: Finanzen, Vereinsverwaltung, Haus und Garten, Personal und P\u00e4dagogik.<\/p>\n<p>Die entsprechenden \u00c4mter der Vorstandsmitglieder werden alle ehrenamtlich ausgef\u00fchrt und der Vorstand muss alle zwei Jahre neu gew\u00e4hlt werden.<\/p>\n<p>Jeweils drei Vertreter der Eltern und der Mitarbeiter bilden den Rat der Einrichtung. Dieser Kindergartenrat pflegt die Gemeinschaft des Kindergartens durch Austausch und durch Entwicklung neuer Impulse f\u00fcr das Kindergartenleben.<\/p>\n<p><b>Elterninitiative bedeutet auch Erziehungsgemeinschaft. Wir w\u00fcnschen uns die rege und aktive Teilhabe und Mitwirkung der Eltern. <\/b><\/p>\n<p><b>Die besonderen Vorteile der Erziehungsgemeinschaft wirken sich vor allem positiv auf die Kinder aus, aber auch wir Eltern erleben Selbstwirksamkeit neu und begleiten die Kinder aktiv. <\/b><\/p>\n<p><b>Deshalb tragen alle Eltern zum reibungslosen Ablauf des Kindergartenalltags bei. So sorgen die Eltern f\u00fcr die Eink\u00e4ufe, waschen W\u00e4sche, pflegen den Garten, verrichten Reparaturarbeiten am Haus und basteln f\u00fcr den j\u00e4hrlich stattfindenden Basar.<\/b><\/p>\n<p><b>Die Mitarbeit der Eltern ist hierf\u00fcr unerl\u00e4sslich und somit auch Pflicht. Pro Kindergartenjahr und Elternhaus werden 30\u00a0Arbeitsstunden geleistet.<\/b><\/p>\n<p>Es finden regelm\u00e4\u00dfig <b>Elternabende<\/b> statt, auf denen waldorfp\u00e4dagogische und integrationsorientierte Themen zur Sprache kommen. Des Weiteren laden wir Eltern zu <b>Festen<\/b> in den Kindergarten ein. Wir halten\u00a0<b>Einzelgespr\u00e4che<\/b> mit den Eltern im Kindergarten und \u00a0f\u00fchren eine Beobachtungs-, Entwicklungs- und Bildungsdokumentation durch.<\/p>\n<p>Bei Bedarf stehen Erzieher und Therapeuten auch gerne zu <b>Beratungsgespr\u00e4chen<\/b> zur Verf\u00fcgung, denn es ist uns ein Anliegen, elterliche Kompetenz zu f\u00f6rdern und zu st\u00e4rken.<\/p>\n<div id=\"attachment_833\" style=\"width: 310px\" class=\"wp-caption alignleft\"><a href=\"https:\/\/integrativer-kiga-sonnentor.de\/wp-content\/uploads\/2019\/07\/PHOTO-2019-07-24-13-26-34.jpg\"><img loading=\"lazy\" decoding=\"async\" aria-describedby=\"caption-attachment-833\" class=\"wp-image-833 size-medium\" src=\"https:\/\/integrativer-kiga-sonnentor.de\/wp-content\/uploads\/2019\/07\/PHOTO-2019-07-24-13-26-34-300x146.jpg\" alt=\"\" width=\"300\" height=\"146\" srcset=\"https:\/\/integrativer-kiga-sonnentor.de\/wp-content\/uploads\/2019\/07\/PHOTO-2019-07-24-13-26-34-300x146.jpg 300w, https:\/\/integrativer-kiga-sonnentor.de\/wp-content\/uploads\/2019\/07\/PHOTO-2019-07-24-13-26-34-768x373.jpg 768w, https:\/\/integrativer-kiga-sonnentor.de\/wp-content\/uploads\/2019\/07\/PHOTO-2019-07-24-13-26-34-1024x497.jpg 1024w, https:\/\/integrativer-kiga-sonnentor.de\/wp-content\/uploads\/2019\/07\/PHOTO-2019-07-24-13-26-34.jpg 1600w\" sizes=\"auto, (max-width: 300px) 100vw, 300px\" \/><\/a><p id=\"caption-attachment-833\" class=\"wp-caption-text\">Ein Beispiel f\u00fcr engagierte Teamarbeit: Gestaltung des Au\u00dfengel\u00e4ndes an einem sonnigen Samstag.<\/p><\/div>\n<p style=\"text-align: left;\"><a href=\"https:\/\/integrativer-kiga-sonnentor.de\/wp-content\/uploads\/2018\/05\/Organigramm.jpg\"><img loading=\"lazy\" decoding=\"async\" class=\"alignleft size-large wp-image-625\" src=\"https:\/\/integrativer-kiga-sonnentor.de\/wp-content\/uploads\/2018\/05\/Organigramm-724x1024.jpg\" alt=\"\" width=\"700\" height=\"990\" srcset=\"https:\/\/integrativer-kiga-sonnentor.de\/wp-content\/uploads\/2018\/05\/Organigramm-724x1024.jpg 724w, https:\/\/integrativer-kiga-sonnentor.de\/wp-content\/uploads\/2018\/05\/Organigramm-212x300.jpg 212w, https:\/\/integrativer-kiga-sonnentor.de\/wp-content\/uploads\/2018\/05\/Organigramm-768x1087.jpg 768w, https:\/\/integrativer-kiga-sonnentor.de\/wp-content\/uploads\/2018\/05\/Organigramm.jpg 843w\" sizes=\"auto, (max-width: 700px) 100vw, 700px\" \/><\/a><\/p>\n<div id=\"attachment_834\" style=\"width: 310px\" class=\"wp-caption alignleft\"><a href=\"https:\/\/integrativer-kiga-sonnentor.de\/wp-content\/uploads\/2019\/07\/PHOTO-2019-07-24-13-24-53.jpg\"><img loading=\"lazy\" decoding=\"async\" aria-describedby=\"caption-attachment-834\" class=\"size-medium wp-image-834\" src=\"https:\/\/integrativer-kiga-sonnentor.de\/wp-content\/uploads\/2019\/07\/PHOTO-2019-07-24-13-24-53-300x169.jpg\" alt=\"\" width=\"300\" height=\"169\" srcset=\"https:\/\/integrativer-kiga-sonnentor.de\/wp-content\/uploads\/2019\/07\/PHOTO-2019-07-24-13-24-53-300x169.jpg 300w, https:\/\/integrativer-kiga-sonnentor.de\/wp-content\/uploads\/2019\/07\/PHOTO-2019-07-24-13-24-53-768x432.jpg 768w, https:\/\/integrativer-kiga-sonnentor.de\/wp-content\/uploads\/2019\/07\/PHOTO-2019-07-24-13-24-53-1024x576.jpg 1024w, https:\/\/integrativer-kiga-sonnentor.de\/wp-content\/uploads\/2019\/07\/PHOTO-2019-07-24-13-24-53.jpg 1600w\" sizes=\"auto, (max-width: 300px) 100vw, 300px\" \/><\/a><p id=\"caption-attachment-834\" class=\"wp-caption-text\">Handwerkliches Geschick ist gefragt&#8230;<\/p><\/div>\n<div id=\"attachment_836\" style=\"width: 310px\" class=\"wp-caption alignleft\"><a href=\"https:\/\/integrativer-kiga-sonnentor.de\/wp-content\/uploads\/2019\/07\/PHOTO-2019-07-24-13-25-37.jpg\"><img loading=\"lazy\" decoding=\"async\" aria-describedby=\"caption-attachment-836\" class=\"size-medium wp-image-836\" src=\"https:\/\/integrativer-kiga-sonnentor.de\/wp-content\/uploads\/2019\/07\/PHOTO-2019-07-24-13-25-37-300x146.jpg\" alt=\"\" width=\"300\" height=\"146\" srcset=\"https:\/\/integrativer-kiga-sonnentor.de\/wp-content\/uploads\/2019\/07\/PHOTO-2019-07-24-13-25-37-300x146.jpg 300w, https:\/\/integrativer-kiga-sonnentor.de\/wp-content\/uploads\/2019\/07\/PHOTO-2019-07-24-13-25-37-768x373.jpg 768w, https:\/\/integrativer-kiga-sonnentor.de\/wp-content\/uploads\/2019\/07\/PHOTO-2019-07-24-13-25-37-1024x497.jpg 1024w, https:\/\/integrativer-kiga-sonnentor.de\/wp-content\/uploads\/2019\/07\/PHOTO-2019-07-24-13-25-37.jpg 1600w\" sizes=\"auto, (max-width: 300px) 100vw, 300px\" \/><\/a><p id=\"caption-attachment-836\" class=\"wp-caption-text\">&#8230;und fertig ist die Sitzgelegenheit!<\/p><\/div>\n<div id=\"attachment_835\" style=\"width: 310px\" class=\"wp-caption alignleft\"><a href=\"https:\/\/integrativer-kiga-sonnentor.de\/wp-content\/uploads\/2019\/07\/PHOTO-2019-07-24-13-24-55.jpg\"><img loading=\"lazy\" decoding=\"async\" aria-describedby=\"caption-attachment-835\" class=\"size-medium wp-image-835\" src=\"https:\/\/integrativer-kiga-sonnentor.de\/wp-content\/uploads\/2019\/07\/PHOTO-2019-07-24-13-24-55-300x146.jpg\" alt=\"\" width=\"300\" height=\"146\" srcset=\"https:\/\/integrativer-kiga-sonnentor.de\/wp-content\/uploads\/2019\/07\/PHOTO-2019-07-24-13-24-55-300x146.jpg 300w, https:\/\/integrativer-kiga-sonnentor.de\/wp-content\/uploads\/2019\/07\/PHOTO-2019-07-24-13-24-55-768x373.jpg 768w, https:\/\/integrativer-kiga-sonnentor.de\/wp-content\/uploads\/2019\/07\/PHOTO-2019-07-24-13-24-55-1024x497.jpg 1024w, https:\/\/integrativer-kiga-sonnentor.de\/wp-content\/uploads\/2019\/07\/PHOTO-2019-07-24-13-24-55.jpg 1600w\" sizes=\"auto, (max-width: 300px) 100vw, 300px\" \/><\/a><p id=\"caption-attachment-835\" class=\"wp-caption-text\">Funktioniert!<\/p><\/div>\n","protected":false},"excerpt":{"rendered":"<p>Der Kindergarten \u201eSonnentor\u201c ist eine Elterninitiative! Es sind also Eltern, die diesen Kindergarten gegr\u00fcndet und aufgebaut haben und auch weiterhin f\u00fcr dessen Aufrechterhaltung verantwortlich sind. Das bedeutet, dass die Elternschaft einen Vereinsvorstand w\u00e4hlt, der f\u00fcr die \u00f6ffentlichen und wirtschaftlichen Verpflichtungen&hellip; <\/p>\n","protected":false},"author":1,"featured_media":0,"parent":0,"menu_order":0,"comment_status":"closed","ping_status":"closed","template":"","meta":{"footnotes":""},"class_list":["post-44","page","type-page","status-publish","hentry"],"_links":{"self":[{"href":"https:\/\/integrativer-kiga-sonnentor.de\/index.php?rest_route=\/wp\/v2\/pages\/44","targetHints":{"allow":["GET"]}}],"collection":[{"href":"https:\/\/integrativer-kiga-sonnentor.de\/index.php?rest_route=\/wp\/v2\/pages"}],"about":[{"href":"https:\/\/integrativer-kiga-sonnentor.de\/index.php?rest_route=\/wp\/v2\/types\/page"}],"author":[{"embeddable":true,"href":"https:\/\/integrativer-kiga-sonnentor.de\/index.php?rest_route=\/wp\/v2\/users\/1"}],"replies":[{"embeddable":true,"href":"https:\/\/integrativer-kiga-sonnentor.de\/index.php?rest_route=%2Fwp%2Fv2%2Fcomments&post=44"}],"version-history":[{"count":16,"href":"https:\/\/integrativer-kiga-sonnentor.de\/index.php?rest_route=\/wp\/v2\/pages\/44\/revisions"}],"predecessor-version":[{"id":984,"href":"https:\/\/integrativer-kiga-sonnentor.de\/index.php?rest_route=\/wp\/v2\/pages\/44\/revisions\/984"}],"wp:attachment":[{"href":"https:\/\/integrativer-kiga-sonnentor.de\/index.php?rest_route=%2Fwp%2Fv2%2Fmedia&parent=44"}],"curies":[{"name":"wp","href":"https:\/\/api.w.org\/{rel}","templated":true}]}}