{"id":47,"date":"2015-09-01T09:59:08","date_gmt":"2015-09-01T09:59:08","guid":{"rendered":"http:\/\/integrativer-kiga-sonnentor.de\/?page_id=47"},"modified":"2025-05-25T20:30:23","modified_gmt":"2025-05-25T19:30:23","slug":"aufnahmeverfahren","status":"publish","type":"page","link":"https:\/\/integrativer-kiga-sonnentor.de\/?page_id=47","title":{"rendered":"Anmeldung"},"content":{"rendered":"<div class=\"wp-block-image\">\n<figure class=\"alignleft\"><a href=\"https:\/\/integrativer-kiga-sonnentor.de\/wp-content\/uploads\/2015\/09\/IMG_4394.jpg\" rel=\"noopener noreferrer\"><img loading=\"lazy\" decoding=\"async\" width=\"300\" height=\"200\" src=\"https:\/\/integrativer-kiga-sonnentor.de\/wp-content\/uploads\/2015\/09\/IMG_4394-300x200.jpg\" alt=\"Tischschmuck nach Jahreszeiten\" class=\"wp-image-182\" srcset=\"https:\/\/integrativer-kiga-sonnentor.de\/wp-content\/uploads\/2015\/09\/IMG_4394-300x200.jpg 300w, https:\/\/integrativer-kiga-sonnentor.de\/wp-content\/uploads\/2015\/09\/IMG_4394.jpg 692w\" sizes=\"auto, (max-width: 300px) 100vw, 300px\" \/><\/a><figcaption class=\"wp-element-caption\">Tischschmuck nach Jahreszeiten<\/figcaption><\/figure>\n<\/div>\n\n\n<p>&nbsp;<\/p>\n\n\n\n<p><\/p>\n\n\n\n<p><\/p>\n\n\n\n<p><\/p>\n\n\n\n<p><\/p>\n\n\n\n<p>F\u00fcr die <b>Aufnahme von Kindern mit jeglicher Beeintr\u00e4chtigung<\/b> ist ein amts\u00e4rztliches Gutachten, aus dem die Notwendigkeit einer sonderp\u00e4dagogischen F\u00f6rderung hervorgeht, Voraussetzung.<\/p>\n\n\n\n<p>Au\u00dferdem\u00a0bezahlen alle Eltern einen Mitgliedsbeitrag von monatlich 78,- \u20ac an den Verein. Dieser beinhaltet Bauumlagen, Betriebskosten, Eurythmie und Fr\u00fchst\u00fccksgeld. Das Mittagessen wird \u00fcber den Caterer direkt abgerechnet.<\/p>\n\n\n\n<p>Die finanziellen und organisatorischen Belange des Kindergartens werden in einem Gespr\u00e4ch mit dem Vereinsvorstand erl\u00e4utert.<strong><br><\/strong><\/p>\n\n\n\n<p>Wir bieten im ersten Kindergartenjahr eine begrenzte Anzahl von 35-Stunden-Pl\u00e4tzen f\u00fcr die Kleinsten an. Diese werden ab dem zweiten Besuchsjahr auf 40 Stunden erh\u00f6ht.<\/p>\n\n\n<div class=\"wp-block-image\">\n<figure class=\"alignright\"><a href=\"https:\/\/integrativer-kiga-sonnentor.de\/wp-content\/uploads\/2015\/09\/IMG_4385.jpg\" rel=\"noopener noreferrer\"><img loading=\"lazy\" decoding=\"async\" width=\"300\" height=\"200\" src=\"https:\/\/integrativer-kiga-sonnentor.de\/wp-content\/uploads\/2015\/09\/IMG_4385-300x200.jpg\" alt=\"Blumenkinder\" class=\"wp-image-202\" srcset=\"https:\/\/integrativer-kiga-sonnentor.de\/wp-content\/uploads\/2015\/09\/IMG_4385-300x200.jpg 300w, https:\/\/integrativer-kiga-sonnentor.de\/wp-content\/uploads\/2015\/09\/IMG_4385.jpg 692w\" sizes=\"auto, (max-width: 300px) 100vw, 300px\" \/><\/a><figcaption class=\"wp-element-caption\">Blumenkinder<\/figcaption><\/figure>\n<\/div>\n\n\n<p>F\u00fcr Informationen rund um die Anmeldung steht Ihnen unsere Verwaltungsleitung, Frau Steffi Schmitz, <strong>montags und mittwochs von 09.00 bis 12.00 Uhr<\/strong> unter 02254 &#8211; 81831 telefonisch zur Verf\u00fcgung.<\/p>\n\n\n\n<p>Das Anmeldeformular als Pdf gibt es hier!<\/p>\n\n\n\n<p><a href=\"https:\/\/integrativer-kiga-sonnentor.de\/wp-content\/uploads\/2015\/09\/Aufnahmebogen.pdf\">Aufnahmebogen S.1<\/a><\/p>\n\n\n\n<p><a href=\"https:\/\/integrativer-kiga-sonnentor.de\/wp-content\/uploads\/2015\/09\/Aufnhamebogen_1.pdf\">Aufnahmebogen S.2<\/a><\/p>\n","protected":false},"excerpt":{"rendered":"<p>&nbsp; F\u00fcr die Aufnahme von Kindern mit jeglicher Beeintr\u00e4chtigung ist ein amts\u00e4rztliches Gutachten, aus dem die Notwendigkeit einer sonderp\u00e4dagogischen F\u00f6rderung hervorgeht, Voraussetzung. Au\u00dferdem\u00a0bezahlen alle Eltern einen Mitgliedsbeitrag von monatlich 78,- \u20ac an den Verein. Dieser beinhaltet Bauumlagen, Betriebskosten, Eurythmie und&hellip; <\/p>\n","protected":false},"author":1,"featured_media":0,"parent":0,"menu_order":0,"comment_status":"closed","ping_status":"closed","template":"","meta":{"footnotes":""},"class_list":["post-47","page","type-page","status-publish","hentry"],"_links":{"self":[{"href":"https:\/\/integrativer-kiga-sonnentor.de\/index.php?rest_route=\/wp\/v2\/pages\/47","targetHints":{"allow":["GET"]}}],"collection":[{"href":"https:\/\/integrativer-kiga-sonnentor.de\/index.php?rest_route=\/wp\/v2\/pages"}],"about":[{"href":"https:\/\/integrativer-kiga-sonnentor.de\/index.php?rest_route=\/wp\/v2\/types\/page"}],"author":[{"embeddable":true,"href":"https:\/\/integrativer-kiga-sonnentor.de\/index.php?rest_route=\/wp\/v2\/users\/1"}],"replies":[{"embeddable":true,"href":"https:\/\/integrativer-kiga-sonnentor.de\/index.php?rest_route=%2Fwp%2Fv2%2Fcomments&post=47"}],"version-history":[{"count":40,"href":"https:\/\/integrativer-kiga-sonnentor.de\/index.php?rest_route=\/wp\/v2\/pages\/47\/revisions"}],"predecessor-version":[{"id":1437,"href":"https:\/\/integrativer-kiga-sonnentor.de\/index.php?rest_route=\/wp\/v2\/pages\/47\/revisions\/1437"}],"wp:attachment":[{"href":"https:\/\/integrativer-kiga-sonnentor.de\/index.php?rest_route=%2Fwp%2Fv2%2Fmedia&parent=47"}],"curies":[{"name":"wp","href":"https:\/\/api.w.org\/{rel}","templated":true}]}}