{"id":5,"date":"2015-08-18T20:11:09","date_gmt":"2015-08-18T20:11:09","guid":{"rendered":"http:\/\/integrativer-kiga-sonnentor.de\/?page_id=5"},"modified":"2025-05-16T12:22:35","modified_gmt":"2025-05-16T11:22:35","slug":"ueber-unsere-einrichtung","status":"publish","type":"page","link":"https:\/\/integrativer-kiga-sonnentor.de\/","title":{"rendered":"Herzlich Willkommen!"},"content":{"rendered":"\n<figure class=\"wp-block-image size-full\"><a href=\"https:\/\/integrativer-kiga-sonnentor.de\/wp-content\/uploads\/2025\/05\/INTEGRATIVER-WALDORFKINDERGARTEN-SONNENTOR-2.png\"><img loading=\"lazy\" decoding=\"async\" width=\"2000\" height=\"1419\" src=\"https:\/\/integrativer-kiga-sonnentor.de\/wp-content\/uploads\/2025\/05\/INTEGRATIVER-WALDORFKINDERGARTEN-SONNENTOR-2.png\" alt=\"\" class=\"wp-image-1422\" srcset=\"https:\/\/integrativer-kiga-sonnentor.de\/wp-content\/uploads\/2025\/05\/INTEGRATIVER-WALDORFKINDERGARTEN-SONNENTOR-2.png 2000w, https:\/\/integrativer-kiga-sonnentor.de\/wp-content\/uploads\/2025\/05\/INTEGRATIVER-WALDORFKINDERGARTEN-SONNENTOR-2-300x213.png 300w\" sizes=\"auto, (max-width: 2000px) 100vw, 2000px\" \/><\/a><\/figure>\n\n\n\n<hr class=\"wp-block-separator has-alpha-channel-opacity\"\/>\n\n\n\n<figure class=\"wp-block-image size-full\"><a href=\"https:\/\/integrativer-kiga-sonnentor.de\/wp-content\/uploads\/2025\/05\/INTEGRATIVER-WALDORFKINDERGARTEN-SONNENTOR-1.png\"><img loading=\"lazy\" decoding=\"async\" width=\"2000\" height=\"1419\" src=\"https:\/\/integrativer-kiga-sonnentor.de\/wp-content\/uploads\/2025\/05\/INTEGRATIVER-WALDORFKINDERGARTEN-SONNENTOR-1.png\" alt=\"\" class=\"wp-image-1421\" srcset=\"https:\/\/integrativer-kiga-sonnentor.de\/wp-content\/uploads\/2025\/05\/INTEGRATIVER-WALDORFKINDERGARTEN-SONNENTOR-1.png 2000w, https:\/\/integrativer-kiga-sonnentor.de\/wp-content\/uploads\/2025\/05\/INTEGRATIVER-WALDORFKINDERGARTEN-SONNENTOR-1-300x213.png 300w\" sizes=\"auto, (max-width: 2000px) 100vw, 2000px\" \/><\/a><\/figure>\n\n\n\n<p>Jedes Kind in seiner Individualit\u00e4t zu erkennen und ihn in Anbetracht seiner besonderen k\u00f6rperlichen, seelischen und geistigen Voraussetzungen einen Raum f\u00fcr seine Entwicklung zu schaffen, ist Aufgabe der Waldorfp\u00e4dagogik nach Rudolf Steiner.<br>Im Waldorfkindergarten Sonnentor bringt jedes Kind seine eigene Geschichte mit. Und darauf sind wir neugierig.<\/p>\n\n\n\n<p>Unsere Aufgabe im Sonnentor besteht darin, diese Barrieren zu erkennen und so gut es geht auszur\u00e4umen.<\/p>\n\n\n\n<p>So bunt und vielf\u00e4ltig diese Welt ist, so bunt und vielf\u00e4ltig sind auch die Menschen die in ihr wohnen. Wir m\u00f6chten als Gemeinschaft erlebt werden in der Chancengleichheit, Nachhaltigkeit und Teilhabe erlebbar gemacht werden.<br>Wir richten unsere P\u00e4dagogik am jeweiligen Kind aus, sehen die Vielfalt in der Gruppe und verzichten dabei auf Schubladendenken.<br>Dabei ist uns die nat\u00fcrliche Inklusion der Leitgedanke unserer Arbeit.<\/p>\n\n\n\n<p>Wir betrachten es als unsere Aufgabe einen Raum zu schaffen, in dem Kinder auf k\u00f6rperlicher, geistiger und seelischer Ebene, sich gesund entwickeln k\u00f6nnen, orientiert an ihrem eigenen Tempo, ihrer eigenen Bed\u00fcrfnisse und ihren eigenen F\u00e4higkeiten.<\/p>\n\n\n\n<p>Wir m\u00f6chten dazu beitragen, dass die Kinder sp\u00e4ter in der Lage sind, den Anforderungen einer sich st\u00e4ndig ver\u00e4nderten Welt gerecht zu werden, um als kreative Menschen den Mut und die Kraft zu haben, dieser Welt mit Herz und Hand zu begegnen.<\/p>\n","protected":false},"excerpt":{"rendered":"<p>Jedes Kind in seiner Individualit\u00e4t zu erkennen und ihn in Anbetracht seiner besonderen k\u00f6rperlichen, seelischen und geistigen Voraussetzungen einen Raum f\u00fcr seine Entwicklung zu schaffen, ist Aufgabe der Waldorfp\u00e4dagogik nach Rudolf Steiner.Im Waldorfkindergarten Sonnentor bringt jedes Kind seine eigene Geschichte&hellip; <\/p>\n","protected":false},"author":1,"featured_media":182,"parent":0,"menu_order":0,"comment_status":"open","ping_status":"open","template":"","meta":{"footnotes":""},"class_list":["post-5","page","type-page","status-publish","has-post-thumbnail","hentry"],"_links":{"self":[{"href":"https:\/\/integrativer-kiga-sonnentor.de\/index.php?rest_route=\/wp\/v2\/pages\/5","targetHints":{"allow":["GET"]}}],"collection":[{"href":"https:\/\/integrativer-kiga-sonnentor.de\/index.php?rest_route=\/wp\/v2\/pages"}],"about":[{"href":"https:\/\/integrativer-kiga-sonnentor.de\/index.php?rest_route=\/wp\/v2\/types\/page"}],"author":[{"embeddable":true,"href":"https:\/\/integrativer-kiga-sonnentor.de\/index.php?rest_route=\/wp\/v2\/users\/1"}],"replies":[{"embeddable":true,"href":"https:\/\/integrativer-kiga-sonnentor.de\/index.php?rest_route=%2Fwp%2Fv2%2Fcomments&post=5"}],"version-history":[{"count":135,"href":"https:\/\/integrativer-kiga-sonnentor.de\/index.php?rest_route=\/wp\/v2\/pages\/5\/revisions"}],"predecessor-version":[{"id":1425,"href":"https:\/\/integrativer-kiga-sonnentor.de\/index.php?rest_route=\/wp\/v2\/pages\/5\/revisions\/1425"}],"wp:featuredmedia":[{"embeddable":true,"href":"https:\/\/integrativer-kiga-sonnentor.de\/index.php?rest_route=\/wp\/v2\/media\/182"}],"wp:attachment":[{"href":"https:\/\/integrativer-kiga-sonnentor.de\/index.php?rest_route=%2Fwp%2Fv2%2Fmedia&parent=5"}],"curies":[{"name":"wp","href":"https:\/\/api.w.org\/{rel}","templated":true}]}}