{"id":50,"date":"2015-09-01T09:59:30","date_gmt":"2015-09-01T09:59:30","guid":{"rendered":"http:\/\/integrativer-kiga-sonnentor.de\/?page_id=50"},"modified":"2019-07-16T14:57:40","modified_gmt":"2019-07-16T14:57:40","slug":"raeumlichkeiten","status":"publish","type":"page","link":"https:\/\/integrativer-kiga-sonnentor.de\/?page_id=50","title":{"rendered":"R\u00e4umlichkeiten"},"content":{"rendered":"<div id=\"attachment_244\" style=\"width: 310px\" class=\"wp-caption alignright\"><a href=\"https:\/\/integrativer-kiga-sonnentor.de\/wp-content\/uploads\/2015\/09\/IMG_4379.jpg\" target=\"_blank\" rel=\"noopener\"><img loading=\"lazy\" decoding=\"async\" aria-describedby=\"caption-attachment-244\" class=\"wp-image-244 size-medium\" src=\"https:\/\/integrativer-kiga-sonnentor.de\/wp-content\/uploads\/2015\/09\/IMG_4379-300x200.jpg\" alt=\"Garderobe\" width=\"300\" height=\"200\" srcset=\"https:\/\/integrativer-kiga-sonnentor.de\/wp-content\/uploads\/2015\/09\/IMG_4379-300x200.jpg 300w, https:\/\/integrativer-kiga-sonnentor.de\/wp-content\/uploads\/2015\/09\/IMG_4379.jpg 692w\" sizes=\"auto, (max-width: 300px) 100vw, 300px\" \/><\/a><p id=\"caption-attachment-244\" class=\"wp-caption-text\">Garderobe<\/p><\/div>\n<div id=\"attachment_207\" style=\"width: 210px\" class=\"wp-caption alignright\"><a href=\"https:\/\/integrativer-kiga-sonnentor.de\/wp-content\/uploads\/2015\/09\/IMG_4382.jpg\" target=\"_blank\" rel=\"noopener\"><img loading=\"lazy\" decoding=\"async\" aria-describedby=\"caption-attachment-207\" class=\"wp-image-207 size-medium\" src=\"https:\/\/integrativer-kiga-sonnentor.de\/wp-content\/uploads\/2015\/09\/IMG_4382-200x300.jpg\" alt=\"In der Wolkenschlossgruppe\" width=\"200\" height=\"300\" srcset=\"https:\/\/integrativer-kiga-sonnentor.de\/wp-content\/uploads\/2015\/09\/IMG_4382-200x300.jpg 200w, https:\/\/integrativer-kiga-sonnentor.de\/wp-content\/uploads\/2015\/09\/IMG_4382.jpg 461w\" sizes=\"auto, (max-width: 200px) 100vw, 200px\" \/><\/a><p id=\"caption-attachment-207\" class=\"wp-caption-text\">In der Wolkenschlossgruppe<\/p><\/div>\n<div id=\"attachment_247\" style=\"width: 210px\" class=\"wp-caption alignright\"><a href=\"https:\/\/integrativer-kiga-sonnentor.de\/wp-content\/uploads\/2015\/09\/IMG_4378.jpg\" target=\"_blank\" rel=\"noopener\"><img loading=\"lazy\" decoding=\"async\" aria-describedby=\"caption-attachment-247\" class=\"wp-image-247 size-medium\" src=\"https:\/\/integrativer-kiga-sonnentor.de\/wp-content\/uploads\/2015\/09\/IMG_4378-200x300.jpg\" alt=\"IMG_4378\" width=\"200\" height=\"300\" srcset=\"https:\/\/integrativer-kiga-sonnentor.de\/wp-content\/uploads\/2015\/09\/IMG_4378-200x300.jpg 200w, https:\/\/integrativer-kiga-sonnentor.de\/wp-content\/uploads\/2015\/09\/IMG_4378.jpg 461w\" sizes=\"auto, (max-width: 200px) 100vw, 200px\" \/><\/a><p id=\"caption-attachment-247\" class=\"wp-caption-text\">In der Regenbogengruppe<\/p><\/div>\n<p style=\"text-align: left;\">2 Gruppenr\u00e4ume mit Nebenraum<\/p>\n<p style=\"text-align: left;\">2 Wasch &#8211; und Toilettenr\u00e4ume<\/p>\n<p style=\"text-align: left;\">2 Wickel- und Bader\u00e4ume<\/p>\n<p style=\"text-align: left;\">1 Mehrzweckraum<\/p>\n<p style=\"text-align: left;\">1 Gespr\u00e4chs-, Personal-, Therapieraum<\/p>\n<p style=\"text-align: left;\">Des weiteren: Garten, Garage, B\u00fcro, Personalraum und Verteilerk\u00fcche<\/p>\n<div id=\"attachment_826\" style=\"width: 179px\" class=\"wp-caption aligncenter\"><a href=\"https:\/\/integrativer-kiga-sonnentor.de\/wp-content\/uploads\/2019\/07\/PHOTO-2019-07-16-14-26-31.jpg\"><img loading=\"lazy\" decoding=\"async\" aria-describedby=\"caption-attachment-826\" class=\"wp-image-826 size-medium\" src=\"https:\/\/integrativer-kiga-sonnentor.de\/wp-content\/uploads\/2019\/07\/PHOTO-2019-07-16-14-26-31-169x300.jpg\" alt=\"\" width=\"169\" height=\"300\" srcset=\"https:\/\/integrativer-kiga-sonnentor.de\/wp-content\/uploads\/2019\/07\/PHOTO-2019-07-16-14-26-31-169x300.jpg 169w, https:\/\/integrativer-kiga-sonnentor.de\/wp-content\/uploads\/2019\/07\/PHOTO-2019-07-16-14-26-31-768x1365.jpg 768w, https:\/\/integrativer-kiga-sonnentor.de\/wp-content\/uploads\/2019\/07\/PHOTO-2019-07-16-14-26-31-576x1024.jpg 576w, https:\/\/integrativer-kiga-sonnentor.de\/wp-content\/uploads\/2019\/07\/PHOTO-2019-07-16-14-26-31.jpg 900w\" sizes=\"auto, (max-width: 169px) 100vw, 169px\" \/><\/a><p id=\"caption-attachment-826\" class=\"wp-caption-text\">K\u00fcrbisbeet im Garten des Kindergartens<\/dd>\n<dd><\/p><\/div>\n<div id=\"attachment_828\" style=\"width: 179px\" class=\"wp-caption aligncenter\"><a href=\"https:\/\/integrativer-kiga-sonnentor.de\/wp-content\/uploads\/2019\/07\/PHOTO-2019-07-16-14-26-302.jpg\"><img loading=\"lazy\" decoding=\"async\" aria-describedby=\"caption-attachment-828\" class=\"wp-image-828 size-medium\" src=\"https:\/\/integrativer-kiga-sonnentor.de\/wp-content\/uploads\/2019\/07\/PHOTO-2019-07-16-14-26-302-169x300.jpg\" alt=\"\" width=\"169\" height=\"300\" srcset=\"https:\/\/integrativer-kiga-sonnentor.de\/wp-content\/uploads\/2019\/07\/PHOTO-2019-07-16-14-26-302-169x300.jpg 169w, https:\/\/integrativer-kiga-sonnentor.de\/wp-content\/uploads\/2019\/07\/PHOTO-2019-07-16-14-26-302-768x1365.jpg 768w, https:\/\/integrativer-kiga-sonnentor.de\/wp-content\/uploads\/2019\/07\/PHOTO-2019-07-16-14-26-302-576x1024.jpg 576w, https:\/\/integrativer-kiga-sonnentor.de\/wp-content\/uploads\/2019\/07\/PHOTO-2019-07-16-14-26-302.jpg 900w\" sizes=\"auto, (max-width: 169px) 100vw, 169px\" \/><\/a><p id=\"caption-attachment-828\" class=\"wp-caption-text\">Radieschenpflanze in unserem Garten, bald kann geerntet werden!<\/p><\/div>\n","protected":false},"excerpt":{"rendered":"<p>2 Gruppenr\u00e4ume mit Nebenraum 2 Wasch &#8211; und Toilettenr\u00e4ume 2 Wickel- und Bader\u00e4ume 1 Mehrzweckraum 1 Gespr\u00e4chs-, Personal-, Therapieraum Des weiteren: Garten, Garage, B\u00fcro, Personalraum und Verteilerk\u00fcche<\/p>\n","protected":false},"author":1,"featured_media":0,"parent":0,"menu_order":0,"comment_status":"closed","ping_status":"closed","template":"","meta":{"footnotes":""},"class_list":["post-50","page","type-page","status-publish","hentry"],"_links":{"self":[{"href":"https:\/\/integrativer-kiga-sonnentor.de\/index.php?rest_route=\/wp\/v2\/pages\/50","targetHints":{"allow":["GET"]}}],"collection":[{"href":"https:\/\/integrativer-kiga-sonnentor.de\/index.php?rest_route=\/wp\/v2\/pages"}],"about":[{"href":"https:\/\/integrativer-kiga-sonnentor.de\/index.php?rest_route=\/wp\/v2\/types\/page"}],"author":[{"embeddable":true,"href":"https:\/\/integrativer-kiga-sonnentor.de\/index.php?rest_route=\/wp\/v2\/users\/1"}],"replies":[{"embeddable":true,"href":"https:\/\/integrativer-kiga-sonnentor.de\/index.php?rest_route=%2Fwp%2Fv2%2Fcomments&post=50"}],"version-history":[{"count":14,"href":"https:\/\/integrativer-kiga-sonnentor.de\/index.php?rest_route=\/wp\/v2\/pages\/50\/revisions"}],"predecessor-version":[{"id":140,"href":"https:\/\/integrativer-kiga-sonnentor.de\/index.php?rest_route=\/wp\/v2\/pages\/50\/revisions\/140"}],"wp:attachment":[{"href":"https:\/\/integrativer-kiga-sonnentor.de\/index.php?rest_route=%2Fwp%2Fv2%2Fmedia&parent=50"}],"curies":[{"name":"wp","href":"https:\/\/api.w.org\/{rel}","templated":true}]}}