{"id":56,"date":"2015-09-01T10:00:07","date_gmt":"2015-09-01T10:00:07","guid":{"rendered":"http:\/\/integrativer-kiga-sonnentor.de\/?page_id=56"},"modified":"2018-03-22T16:01:19","modified_gmt":"2018-03-22T16:01:19","slug":"oeffnungszeiten","status":"publish","type":"page","link":"https:\/\/integrativer-kiga-sonnentor.de\/?page_id=56","title":{"rendered":"\u00d6ffnungszeiten"},"content":{"rendered":"<div id=\"attachment_84\" style=\"width: 310px\" class=\"wp-caption alignleft\"><a href=\"https:\/\/integrativer-kiga-sonnentor.de\/wp-content\/uploads\/2015\/09\/IMG_10187.jpg\" target=\"_blank\" rel=\"noopener\"><img loading=\"lazy\" decoding=\"async\" aria-describedby=\"caption-attachment-84\" class=\"wp-image-84 size-medium\" src=\"https:\/\/integrativer-kiga-sonnentor.de\/wp-content\/uploads\/2015\/09\/IMG_10187-300x200.jpg\" alt=\"IMG_10187\" width=\"300\" height=\"200\" srcset=\"https:\/\/integrativer-kiga-sonnentor.de\/wp-content\/uploads\/2015\/09\/IMG_10187-300x200.jpg 300w, https:\/\/integrativer-kiga-sonnentor.de\/wp-content\/uploads\/2015\/09\/IMG_10187-1024x682.jpg 1024w, https:\/\/integrativer-kiga-sonnentor.de\/wp-content\/uploads\/2015\/09\/IMG_10187.jpg 1642w\" sizes=\"auto, (max-width: 300px) 100vw, 300px\" \/><\/a><p id=\"caption-attachment-84\" class=\"wp-caption-text\">Gartenansicht<\/p><\/div>\n<p>&nbsp;<\/p>\n<p>&nbsp;<\/p>\n<p>&nbsp;<\/p>\n<p><strong>\u00d6ffnungszeiten der Einrichtung:<\/strong><\/p>\n<p>Mo., Di., Do. und Fr.: 7.00 &#8211; 16.15 Uhr<\/p>\n<p>Mi.: 7.00 &#8211; 15.00 Uhr<\/p>\n<p>&nbsp;<\/p>\n<p>&nbsp;<\/p>\n<p>&nbsp;<\/p>\n<p><strong>Schlie\u00dfungszeiten der Einrichtung:<\/strong><\/p>\n<ul>\n<li>Rosenmontag<\/li>\n<li>Br\u00fcckentage: Freitage nach Christ Himmelfahrt und Fronleichnam<\/li>\n<li>Hausputztage<\/li>\n<li>Betriebsausflug im September<\/li>\n<li>Drei Wochen in den Sommerferien<\/li>\n<li>Zeit zwischen Weihnachten und Neujahr<\/li>\n<li>Geschlossen ab 12:00 Uhr: Weiberfastnacht, Tag der Schulkinderverabschiedung, Letzter Tag vor der Weihnachtsschlie\u00dfungszeit<\/li>\n<\/ul>\n<p>Wir arbeiten mit einem Jahresplan, so dass die Eltern fr\u00fchzeitig \u00fcber Schlie\u00dfungszeiten informiert werden.<\/p>\n","protected":false},"excerpt":{"rendered":"<p>&nbsp; &nbsp; &nbsp; \u00d6ffnungszeiten der Einrichtung: Mo., Di., Do. und Fr.: 7.00 &#8211; 16.15 Uhr Mi.: 7.00 &#8211; 15.00 Uhr &nbsp; &nbsp; &nbsp; Schlie\u00dfungszeiten der Einrichtung: Rosenmontag Br\u00fcckentage: Freitage nach Christ Himmelfahrt und Fronleichnam Hausputztage Betriebsausflug im September Drei Wochen&hellip; <\/p>\n","protected":false},"author":1,"featured_media":0,"parent":0,"menu_order":0,"comment_status":"closed","ping_status":"closed","template":"","meta":{"footnotes":""},"class_list":["post-56","page","type-page","status-publish","hentry"],"_links":{"self":[{"href":"https:\/\/integrativer-kiga-sonnentor.de\/index.php?rest_route=\/wp\/v2\/pages\/56","targetHints":{"allow":["GET"]}}],"collection":[{"href":"https:\/\/integrativer-kiga-sonnentor.de\/index.php?rest_route=\/wp\/v2\/pages"}],"about":[{"href":"https:\/\/integrativer-kiga-sonnentor.de\/index.php?rest_route=\/wp\/v2\/types\/page"}],"author":[{"embeddable":true,"href":"https:\/\/integrativer-kiga-sonnentor.de\/index.php?rest_route=\/wp\/v2\/users\/1"}],"replies":[{"embeddable":true,"href":"https:\/\/integrativer-kiga-sonnentor.de\/index.php?rest_route=%2Fwp%2Fv2%2Fcomments&post=56"}],"version-history":[{"count":9,"href":"https:\/\/integrativer-kiga-sonnentor.de\/index.php?rest_route=\/wp\/v2\/pages\/56\/revisions"}],"predecessor-version":[{"id":564,"href":"https:\/\/integrativer-kiga-sonnentor.de\/index.php?rest_route=\/wp\/v2\/pages\/56\/revisions\/564"}],"wp:attachment":[{"href":"https:\/\/integrativer-kiga-sonnentor.de\/index.php?rest_route=%2Fwp%2Fv2%2Fmedia&parent=56"}],"curies":[{"name":"wp","href":"https:\/\/api.w.org\/{rel}","templated":true}]}}