{"id":69,"date":"2015-09-01T10:01:37","date_gmt":"2015-09-01T10:01:37","guid":{"rendered":"http:\/\/integrativer-kiga-sonnentor.de\/?page_id=69"},"modified":"2018-07-04T15:11:23","modified_gmt":"2018-07-04T15:11:23","slug":"impressum","status":"publish","type":"page","link":"https:\/\/integrativer-kiga-sonnentor.de\/?page_id=69","title":{"rendered":"Impressum"},"content":{"rendered":"<p><a href=\"https:\/\/integrativer-kiga-sonnentor.de\/wp-content\/uploads\/2015\/08\/18.png\" target=\"_blank\" rel=\"noopener\"><img loading=\"lazy\" decoding=\"async\" class=\"alignleft wp-image-4 size-full\" src=\"https:\/\/integrativer-kiga-sonnentor.de\/wp-content\/uploads\/2015\/08\/18.png\" alt=\"18\" width=\"220\" height=\"136\" \/><\/a><\/p>\n<p>&nbsp;<\/p>\n<p>Verein zur F\u00f6rderung der Integration in Waldorfkinderg\u00e4rten und in Waldorfkinderg\u00e4rten f\u00fcr Seelenpflege- bed\u00fcrftige Kinder e.V.<\/p>\n<p>H\u00f6henring 100<\/p>\n<p>53913 Swisttal-Heimerzheim<\/p>\n<p>&nbsp;<\/p>\n<p>Tel: 02254 &#8211; 81831<\/p>\n<p>Fax: 02254 &#8211; 601273<\/p>\n<p>Kitasonnentor@freenet.de<\/p>\n<p>www.integrativer-kiga-sonnentor.de<\/p>\n<p>vertreten durch den Vorstand<\/p>\n<p>Registergericht AG Bonn<\/p>\n<p>VR 12324<\/p>\n<p>&nbsp;<\/p>\n","protected":false},"excerpt":{"rendered":"<p>&nbsp; Verein zur F\u00f6rderung der Integration in Waldorfkinderg\u00e4rten und in Waldorfkinderg\u00e4rten f\u00fcr Seelenpflege- bed\u00fcrftige Kinder e.V. H\u00f6henring 100 53913 Swisttal-Heimerzheim &nbsp; Tel: 02254 &#8211; 81831 Fax: 02254 &#8211; 601273 Kitasonnentor@freenet.de www.integrativer-kiga-sonnentor.de vertreten durch den Vorstand Registergericht AG Bonn VR 12324&hellip; <\/p>\n","protected":false},"author":1,"featured_media":0,"parent":0,"menu_order":0,"comment_status":"closed","ping_status":"closed","template":"","meta":{"footnotes":""},"class_list":["post-69","page","type-page","status-publish","hentry"],"_links":{"self":[{"href":"https:\/\/integrativer-kiga-sonnentor.de\/index.php?rest_route=\/wp\/v2\/pages\/69","targetHints":{"allow":["GET"]}}],"collection":[{"href":"https:\/\/integrativer-kiga-sonnentor.de\/index.php?rest_route=\/wp\/v2\/pages"}],"about":[{"href":"https:\/\/integrativer-kiga-sonnentor.de\/index.php?rest_route=\/wp\/v2\/types\/page"}],"author":[{"embeddable":true,"href":"https:\/\/integrativer-kiga-sonnentor.de\/index.php?rest_route=\/wp\/v2\/users\/1"}],"replies":[{"embeddable":true,"href":"https:\/\/integrativer-kiga-sonnentor.de\/index.php?rest_route=%2Fwp%2Fv2%2Fcomments&post=69"}],"version-history":[{"count":7,"href":"https:\/\/integrativer-kiga-sonnentor.de\/index.php?rest_route=\/wp\/v2\/pages\/69\/revisions"}],"predecessor-version":[{"id":665,"href":"https:\/\/integrativer-kiga-sonnentor.de\/index.php?rest_route=\/wp\/v2\/pages\/69\/revisions\/665"}],"wp:attachment":[{"href":"https:\/\/integrativer-kiga-sonnentor.de\/index.php?rest_route=%2Fwp%2Fv2%2Fmedia&parent=69"}],"curies":[{"name":"wp","href":"https:\/\/api.w.org\/{rel}","templated":true}]}}