{"id":798,"date":"2019-03-17T08:01:34","date_gmt":"2019-03-17T08:01:34","guid":{"rendered":"http:\/\/integrativer-kiga-sonnentor.de\/?page_id=798"},"modified":"2020-06-09T18:56:09","modified_gmt":"2020-06-09T18:56:09","slug":"lesekreis","status":"publish","type":"page","link":"https:\/\/integrativer-kiga-sonnentor.de\/?page_id=798","title":{"rendered":"Lesekreis"},"content":{"rendered":"<p><strong>Thema<\/strong>: <strong>Das Werk &#8222;Die Erziehung des Kindes vom Gesichtspunkte der Geisteswissenschaf&#8220; von Rudolf Steiner <\/strong><\/p>\n<p>Im Jahr 2019 haben sich Erzieherinnen und Eltern abends im Kindergarten getroffen und gemeinsam regelm\u00e4\u00dfig im Vortrag \u00fcber P\u00e4dagogik und Kunst, P\u00e4dagogik und Moral von Rudolf Steiner gelesen.<\/p>\n<p>Er beinhaltet die \u201eGrundsteine\u201c der Waldorfp\u00e4dagogik.<\/p>\n<p>Wir konnten \u00fcber Fragen und Gespr\u00e4che die Waldorfp\u00e4dagogik von Grund auf verstehen lernen und eine gemeinsame Richtungsweise f\u00fcr die Erziehung der Kinder erarbeiten.<\/p>\n<p>Falls der Wunsch von Seiten der Eltern besteht, lie\u00dfe sich u. U. ein Lesekreis in Abstimmung mit den Erzieherinnen erneut ins Leben rufen.<\/p>\n<p><a href=\"https:\/\/integrativer-kiga-sonnentor.de\/wp-content\/uploads\/2015\/09\/IMG_1688-e1442938584836.jpg\"><img loading=\"lazy\" decoding=\"async\" class=\"size-medium wp-image-284 aligncenter\" src=\"https:\/\/integrativer-kiga-sonnentor.de\/wp-content\/uploads\/2015\/09\/IMG_1688-e1442938584836-225x300.jpg\" alt=\"\" width=\"225\" height=\"300\" srcset=\"https:\/\/integrativer-kiga-sonnentor.de\/wp-content\/uploads\/2015\/09\/IMG_1688-e1442938584836-225x300.jpg 225w, https:\/\/integrativer-kiga-sonnentor.de\/wp-content\/uploads\/2015\/09\/IMG_1688-e1442938584836-768x1024.jpg 768w\" sizes=\"auto, (max-width: 225px) 100vw, 225px\" \/><\/a><\/p>\n","protected":false},"excerpt":{"rendered":"<p>Thema: Das Werk &#8222;Die Erziehung des Kindes vom Gesichtspunkte der Geisteswissenschaf&#8220; von Rudolf Steiner Im Jahr 2019 haben sich Erzieherinnen und Eltern abends im Kindergarten getroffen und gemeinsam regelm\u00e4\u00dfig im Vortrag \u00fcber P\u00e4dagogik und Kunst, P\u00e4dagogik und Moral von Rudolf&hellip; <\/p>\n","protected":false},"author":1,"featured_media":0,"parent":0,"menu_order":0,"comment_status":"closed","ping_status":"closed","template":"","meta":{"footnotes":""},"class_list":["post-798","page","type-page","status-publish","hentry"],"_links":{"self":[{"href":"https:\/\/integrativer-kiga-sonnentor.de\/index.php?rest_route=\/wp\/v2\/pages\/798","targetHints":{"allow":["GET"]}}],"collection":[{"href":"https:\/\/integrativer-kiga-sonnentor.de\/index.php?rest_route=\/wp\/v2\/pages"}],"about":[{"href":"https:\/\/integrativer-kiga-sonnentor.de\/index.php?rest_route=\/wp\/v2\/types\/page"}],"author":[{"embeddable":true,"href":"https:\/\/integrativer-kiga-sonnentor.de\/index.php?rest_route=\/wp\/v2\/users\/1"}],"replies":[{"embeddable":true,"href":"https:\/\/integrativer-kiga-sonnentor.de\/index.php?rest_route=%2Fwp%2Fv2%2Fcomments&post=798"}],"version-history":[{"count":7,"href":"https:\/\/integrativer-kiga-sonnentor.de\/index.php?rest_route=\/wp\/v2\/pages\/798\/revisions"}],"predecessor-version":[{"id":986,"href":"https:\/\/integrativer-kiga-sonnentor.de\/index.php?rest_route=\/wp\/v2\/pages\/798\/revisions\/986"}],"wp:attachment":[{"href":"https:\/\/integrativer-kiga-sonnentor.de\/index.php?rest_route=%2Fwp%2Fv2%2Fmedia&parent=798"}],"curies":[{"name":"wp","href":"https:\/\/api.w.org\/{rel}","templated":true}]}}