{"id":846,"date":"2019-10-26T14:03:59","date_gmt":"2019-10-26T14:03:59","guid":{"rendered":"http:\/\/integrativer-kiga-sonnentor.de\/?page_id=846"},"modified":"2020-05-28T13:06:07","modified_gmt":"2020-05-28T13:06:07","slug":"zertifizierung-zur-nationalpark-kita","status":"publish","type":"page","link":"https:\/\/integrativer-kiga-sonnentor.de\/?page_id=846","title":{"rendered":"Wir sind Nationalpark-Kindertagesst\u00e4tte!"},"content":{"rendered":"<p><strong><a href=\"https:\/\/integrativer-kiga-sonnentor.de\/wp-content\/uploads\/2020\/05\/cid_image003_png@01D632A7.png\"><img loading=\"lazy\" decoding=\"async\" class=\"size-full wp-image-980 alignleft\" src=\"https:\/\/integrativer-kiga-sonnentor.de\/wp-content\/uploads\/2020\/05\/cid_image003_png@01D632A7.png\" alt=\"\" width=\"158\" height=\"243\" \/><\/a>Wir haben die Zertifizierung zur \u201eNationalpark-Kita Eifel 2018-2020&#8243; erfolgreich durchlaufen und sind am 14. Mai 2020 offiziell ausgezeichnet worden.<br \/>\n<\/strong><\/p>\n<div id=\"attachment_857\" style=\"width: 156px\" class=\"wp-caption alignright\"><a href=\"https:\/\/integrativer-kiga-sonnentor.de\/wp-content\/uploads\/2019\/10\/20190503_113138-e1572099637716.jpg\"><img loading=\"lazy\" decoding=\"async\" aria-describedby=\"caption-attachment-857\" class=\"wp-image-857 size-medium\" src=\"https:\/\/integrativer-kiga-sonnentor.de\/wp-content\/uploads\/2019\/10\/20190503_113138-e1572099637716-146x300.jpg\" alt=\"\" width=\"146\" height=\"300\" srcset=\"https:\/\/integrativer-kiga-sonnentor.de\/wp-content\/uploads\/2019\/10\/20190503_113138-e1572099637716-146x300.jpg 146w, https:\/\/integrativer-kiga-sonnentor.de\/wp-content\/uploads\/2019\/10\/20190503_113138-e1572099637716-768x1580.jpg 768w, https:\/\/integrativer-kiga-sonnentor.de\/wp-content\/uploads\/2019\/10\/20190503_113138-e1572099637716-498x1024.jpg 498w, https:\/\/integrativer-kiga-sonnentor.de\/wp-content\/uploads\/2019\/10\/20190503_113138-e1572099637716.jpg 1960w\" sizes=\"auto, (max-width: 146px) 100vw, 146px\" \/><\/a><p id=\"caption-attachment-857\" class=\"wp-caption-text\">Ein geheimnisvoller Waldbewohner&#8230;<\/p><\/div>\n<p>Die Natur bei Spazierg\u00e4ngen zu genie\u00dfen und zu entspannen, Naturph\u00e4nomene wahrnehmen und sie auf sinnhafte Weise erleben liegt uns sehr am Herzen und ist auch so in der Waldorfp\u00e4dagogik verankert.<\/p>\n<p>Im Wald, Feld und Flur k\u00f6nnen die Kinder sich unmittelbar als Teil der Natur erfahren und eine Beziehung aufbauen. Sie erhalten einen urspr\u00fcnglichen Zugang, wodurch die Natur einen Eigenwert erh\u00e4lt.<\/p>\n<p>Durch den Freiraum im Wald entwickeln die Kinder seltener Konflikte und Aggressionen. Es gibt weniger Streit; ein Kind mit gr\u00f6\u00dferem Ruhebed\u00fcrfnis kann sich zur\u00fcckziehen w\u00e4hrend andere ihren Bewegungsdrang ausleben k\u00f6nnen. Freiraum zu besitzen und nach eigenen Interessen zu nutzen ist f\u00fcr viele Kinder eine neue Erfahrung. In einer Zeit der Digitalisierung, der Schnelllebigkeit, der Unruhe und des Leistungsdrucks haben die Kinder den Zugang zur Natur leider schon oft verloren.<\/p>\n<p>Mit dieser Motivation haben wir uns zur\u00a0 Zertifizierung\u00a0 Nationalpark-Kita beworben, sind angenommen worden und inzwischen auch zertifiziert. Weitere Infos unter:<br \/>\n<a href=\"https:\/\/www.nationalpark-eifel.de\/de\/infohaeuser-und-einrichtungen\/nationalpark-kitas\/\">\u00a0https:\/\/www.nationalpark-eifel.de\/de\/infohaeuser-und-einrichtungen\/<\/a><\/p>\n<p><strong>Unsere Ziele hierbei sind:<\/strong><\/p>\n<p>&#8211; ganzheitliches Lernen<br \/>\n&#8211; die Natur im Jahresrhythmus betrachten und erleben<br \/>\n&#8211; ihr wertsch\u00e4tzend entgegen zu treten<br \/>\n&#8211; Sensibilisierung aller Sinne<br \/>\n&#8211; Neugierde und vor allem Spa\u00df an und in der Natur<br \/>\n&#8211; Aufbau einer positiven, emotionalen Beziehung zur Natur<br \/>\n&#8211; Gemeinschaftsgef\u00fchl st\u00e4rken<br \/>\n&#8211; Naturverbundenheit entwickeln<br \/>\n&#8211; Kontakt zum Nationalpark Eifel<\/p>\n<p>In den vergangenen Monaten konnten wir schon einige Projekte umsetzen. Neben regelm\u00e4\u00dfigen Fortbildungen durch den Nationalpark, an denen zwei Erzieher\u00a0 teilnehmen konnten wir uns ein Waldhaus einrichten und auch unser kleines Au\u00dfengel\u00e4nde mit einer weiteren Au\u00dfenk\u00fcche, einen Kinder Hochbeet sowie ein \u201e Baumhaus\u201c erweitern. Hier hatten wir tatkr\u00e4ftige Unterst\u00fctzung aus der Elternschaft.<\/p>\n<p>Wir freuen uns, das wir so den Kindern eine Umgebung schaffen in der sie ihrem freien, phantasievollen und\u00a0 ungezwungenen Spiel freien Lauf lassen k\u00f6nnen. Sehen Sie selbst:<\/p>\n<p><a href=\"https:\/\/integrativer-kiga-sonnentor.de\/wp-content\/uploads\/2020\/01\/20190415_111836-scaled.jpg\"><img loading=\"lazy\" decoding=\"async\" class=\"alignleft size-medium wp-image-883\" src=\"https:\/\/integrativer-kiga-sonnentor.de\/wp-content\/uploads\/2020\/01\/20190415_111836-300x146.jpg\" alt=\"\" width=\"300\" height=\"146\" srcset=\"https:\/\/integrativer-kiga-sonnentor.de\/wp-content\/uploads\/2020\/01\/20190415_111836-300x146.jpg 300w, https:\/\/integrativer-kiga-sonnentor.de\/wp-content\/uploads\/2020\/01\/20190415_111836-1024x498.jpg 1024w, https:\/\/integrativer-kiga-sonnentor.de\/wp-content\/uploads\/2020\/01\/20190415_111836-768x373.jpg 768w, https:\/\/integrativer-kiga-sonnentor.de\/wp-content\/uploads\/2020\/01\/20190415_111836-1536x747.jpg 1536w, https:\/\/integrativer-kiga-sonnentor.de\/wp-content\/uploads\/2020\/01\/20190415_111836-2048x996.jpg 2048w\" sizes=\"auto, (max-width: 300px) 100vw, 300px\" \/><\/a><\/p>\n<div id=\"attachment_865\" style=\"width: 156px\" class=\"wp-caption alignleft\"><a href=\"https:\/\/integrativer-kiga-sonnentor.de\/wp-content\/uploads\/2019\/11\/20190503_105032-e1573052940339.jpg\"><img loading=\"lazy\" decoding=\"async\" aria-describedby=\"caption-attachment-865\" class=\"wp-image-865 size-medium\" src=\"https:\/\/integrativer-kiga-sonnentor.de\/wp-content\/uploads\/2019\/11\/20190503_105032-e1573052940339-146x300.jpg\" alt=\"\" width=\"146\" height=\"300\" srcset=\"https:\/\/integrativer-kiga-sonnentor.de\/wp-content\/uploads\/2019\/11\/20190503_105032-e1573052940339-146x300.jpg 146w, https:\/\/integrativer-kiga-sonnentor.de\/wp-content\/uploads\/2019\/11\/20190503_105032-e1573052940339-768x1580.jpg 768w, https:\/\/integrativer-kiga-sonnentor.de\/wp-content\/uploads\/2019\/11\/20190503_105032-e1573052940339-498x1024.jpg 498w, https:\/\/integrativer-kiga-sonnentor.de\/wp-content\/uploads\/2019\/11\/20190503_105032-e1573052940339.jpg 1960w\" sizes=\"auto, (max-width: 146px) 100vw, 146px\" \/><\/a><p id=\"caption-attachment-865\" class=\"wp-caption-text\">Im Wald bauen wir auch H\u00e4user.<\/p><\/div>\n<div id=\"attachment_859\" style=\"width: 310px\" class=\"wp-caption alignleft\"><a href=\"https:\/\/integrativer-kiga-sonnentor.de\/wp-content\/uploads\/2019\/10\/20190705_182845.jpg\"><img loading=\"lazy\" decoding=\"async\" aria-describedby=\"caption-attachment-859\" class=\"wp-image-859 size-medium\" src=\"https:\/\/integrativer-kiga-sonnentor.de\/wp-content\/uploads\/2019\/10\/20190705_182845-300x146.jpg\" alt=\"\" width=\"300\" height=\"146\" srcset=\"https:\/\/integrativer-kiga-sonnentor.de\/wp-content\/uploads\/2019\/10\/20190705_182845-300x146.jpg 300w, https:\/\/integrativer-kiga-sonnentor.de\/wp-content\/uploads\/2019\/10\/20190705_182845-768x373.jpg 768w, https:\/\/integrativer-kiga-sonnentor.de\/wp-content\/uploads\/2019\/10\/20190705_182845-1024x498.jpg 1024w\" sizes=\"auto, (max-width: 300px) 100vw, 300px\" \/><\/a><p id=\"caption-attachment-859\" class=\"wp-caption-text\">Spiel- und Sitzplatz im Garten.<\/p><\/div>\n<div id=\"attachment_854\" style=\"width: 156px\" class=\"wp-caption alignleft\"><a href=\"https:\/\/integrativer-kiga-sonnentor.de\/wp-content\/uploads\/2019\/10\/20191012_122507-e1572099684665.jpg\"><img loading=\"lazy\" decoding=\"async\" aria-describedby=\"caption-attachment-854\" class=\"wp-image-854 size-medium\" src=\"https:\/\/integrativer-kiga-sonnentor.de\/wp-content\/uploads\/2019\/10\/20191012_122507-e1572099684665-146x300.jpg\" alt=\"\" width=\"146\" height=\"300\" srcset=\"https:\/\/integrativer-kiga-sonnentor.de\/wp-content\/uploads\/2019\/10\/20191012_122507-e1572099684665-146x300.jpg 146w, https:\/\/integrativer-kiga-sonnentor.de\/wp-content\/uploads\/2019\/10\/20191012_122507-e1572099684665-768x1580.jpg 768w, https:\/\/integrativer-kiga-sonnentor.de\/wp-content\/uploads\/2019\/10\/20191012_122507-e1572099684665-498x1024.jpg 498w, https:\/\/integrativer-kiga-sonnentor.de\/wp-content\/uploads\/2019\/10\/20191012_122507-e1572099684665.jpg 1960w\" sizes=\"auto, (max-width: 146px) 100vw, 146px\" \/><\/a><p id=\"caption-attachment-854\" class=\"wp-caption-text\">Unser neues Baumhaus im Garten entsteht&#8230;<\/p><\/div>\n<div id=\"attachment_853\" style=\"width: 310px\" class=\"wp-caption aligncenter\"><a href=\"https:\/\/integrativer-kiga-sonnentor.de\/wp-content\/uploads\/2019\/10\/20191012_122349.jpg\"><img loading=\"lazy\" decoding=\"async\" aria-describedby=\"caption-attachment-853\" class=\"wp-image-853 size-medium\" src=\"https:\/\/integrativer-kiga-sonnentor.de\/wp-content\/uploads\/2019\/10\/20191012_122349-300x146.jpg\" alt=\"\" width=\"300\" height=\"146\" srcset=\"https:\/\/integrativer-kiga-sonnentor.de\/wp-content\/uploads\/2019\/10\/20191012_122349-300x146.jpg 300w, https:\/\/integrativer-kiga-sonnentor.de\/wp-content\/uploads\/2019\/10\/20191012_122349-768x373.jpg 768w, https:\/\/integrativer-kiga-sonnentor.de\/wp-content\/uploads\/2019\/10\/20191012_122349-1024x498.jpg 1024w\" sizes=\"auto, (max-width: 300px) 100vw, 300px\" \/><\/a><p id=\"caption-attachment-853\" class=\"wp-caption-text\">Die Wimpel f\u00fcr das Baumhaus werden gen\u00e4ht.<\/p><\/div>\n<div id=\"attachment_856\" style=\"width: 156px\" class=\"wp-caption alignright\"><a href=\"https:\/\/integrativer-kiga-sonnentor.de\/wp-content\/uploads\/2019\/10\/20191012_160215-e1572099725316.jpg\"><img loading=\"lazy\" decoding=\"async\" aria-describedby=\"caption-attachment-856\" class=\"wp-image-856 size-medium\" src=\"https:\/\/integrativer-kiga-sonnentor.de\/wp-content\/uploads\/2019\/10\/20191012_160215-e1572099725316-146x300.jpg\" alt=\"\" width=\"146\" height=\"300\" srcset=\"https:\/\/integrativer-kiga-sonnentor.de\/wp-content\/uploads\/2019\/10\/20191012_160215-e1572099725316-146x300.jpg 146w, https:\/\/integrativer-kiga-sonnentor.de\/wp-content\/uploads\/2019\/10\/20191012_160215-e1572099725316-768x1580.jpg 768w, https:\/\/integrativer-kiga-sonnentor.de\/wp-content\/uploads\/2019\/10\/20191012_160215-e1572099725316-498x1024.jpg 498w, https:\/\/integrativer-kiga-sonnentor.de\/wp-content\/uploads\/2019\/10\/20191012_160215-e1572099725316.jpg 1960w\" sizes=\"auto, (max-width: 146px) 100vw, 146px\" \/><\/a><p id=\"caption-attachment-856\" class=\"wp-caption-text\">Geschafft!<\/p><\/div>\n<div id=\"attachment_855\" style=\"width: 156px\" class=\"wp-caption alignleft\"><a href=\"https:\/\/integrativer-kiga-sonnentor.de\/wp-content\/uploads\/2019\/10\/20191012_134940-e1572099763453.jpg\"><img loading=\"lazy\" decoding=\"async\" aria-describedby=\"caption-attachment-855\" class=\"wp-image-855 size-medium\" src=\"https:\/\/integrativer-kiga-sonnentor.de\/wp-content\/uploads\/2019\/10\/20191012_134940-e1572099763453-146x300.jpg\" alt=\"\" width=\"146\" height=\"300\" srcset=\"https:\/\/integrativer-kiga-sonnentor.de\/wp-content\/uploads\/2019\/10\/20191012_134940-e1572099763453-146x300.jpg 146w, https:\/\/integrativer-kiga-sonnentor.de\/wp-content\/uploads\/2019\/10\/20191012_134940-e1572099763453-768x1580.jpg 768w, https:\/\/integrativer-kiga-sonnentor.de\/wp-content\/uploads\/2019\/10\/20191012_134940-e1572099763453-498x1024.jpg 498w, https:\/\/integrativer-kiga-sonnentor.de\/wp-content\/uploads\/2019\/10\/20191012_134940-e1572099763453.jpg 1960w\" sizes=\"auto, (max-width: 146px) 100vw, 146px\" \/><\/a><p id=\"caption-attachment-855\" class=\"wp-caption-text\">Unser Baumhaus ist fertig! Wir freuen uns!<\/p><\/div>\n","protected":false},"excerpt":{"rendered":"<p>Wir haben die Zertifizierung zur \u201eNationalpark-Kita Eifel 2018-2020&#8243; erfolgreich durchlaufen und sind am 14. Mai 2020 offiziell ausgezeichnet worden. Die Natur bei Spazierg\u00e4ngen zu genie\u00dfen und zu entspannen, Naturph\u00e4nomene wahrnehmen und sie auf sinnhafte Weise erleben liegt uns sehr am&hellip; <\/p>\n","protected":false},"author":1,"featured_media":0,"parent":0,"menu_order":0,"comment_status":"closed","ping_status":"closed","template":"","meta":{"footnotes":""},"class_list":["post-846","page","type-page","status-publish","hentry"],"_links":{"self":[{"href":"https:\/\/integrativer-kiga-sonnentor.de\/index.php?rest_route=\/wp\/v2\/pages\/846","targetHints":{"allow":["GET"]}}],"collection":[{"href":"https:\/\/integrativer-kiga-sonnentor.de\/index.php?rest_route=\/wp\/v2\/pages"}],"about":[{"href":"https:\/\/integrativer-kiga-sonnentor.de\/index.php?rest_route=\/wp\/v2\/types\/page"}],"author":[{"embeddable":true,"href":"https:\/\/integrativer-kiga-sonnentor.de\/index.php?rest_route=\/wp\/v2\/users\/1"}],"replies":[{"embeddable":true,"href":"https:\/\/integrativer-kiga-sonnentor.de\/index.php?rest_route=%2Fwp%2Fv2%2Fcomments&post=846"}],"version-history":[{"count":12,"href":"https:\/\/integrativer-kiga-sonnentor.de\/index.php?rest_route=\/wp\/v2\/pages\/846\/revisions"}],"predecessor-version":[{"id":981,"href":"https:\/\/integrativer-kiga-sonnentor.de\/index.php?rest_route=\/wp\/v2\/pages\/846\/revisions\/981"}],"wp:attachment":[{"href":"https:\/\/integrativer-kiga-sonnentor.de\/index.php?rest_route=%2Fwp%2Fv2%2Fmedia&parent=846"}],"curies":[{"name":"wp","href":"https:\/\/api.w.org\/{rel}","templated":true}]}}