{"id":95,"date":"2015-09-04T19:07:36","date_gmt":"2015-09-04T19:07:36","guid":{"rendered":"http:\/\/integrativer-kiga-sonnentor.de\/?page_id=95"},"modified":"2018-01-11T22:12:58","modified_gmt":"2018-01-11T22:12:58","slug":"freispiel-im-gruppenraum","status":"publish","type":"page","link":"https:\/\/integrativer-kiga-sonnentor.de\/?page_id=95","title":{"rendered":"Freispiel im Gruppenraum"},"content":{"rendered":"<div id=\"attachment_207\" style=\"width: 296px\" class=\"wp-caption alignleft\"><a href=\"https:\/\/integrativer-kiga-sonnentor.de\/wp-content\/uploads\/2015\/09\/IMG_4382.jpg\" target=\"_blank\" rel=\"noopener\"><img loading=\"lazy\" decoding=\"async\" aria-describedby=\"caption-attachment-207\" class=\"wp-image-207 \" src=\"https:\/\/integrativer-kiga-sonnentor.de\/wp-content\/uploads\/2015\/09\/IMG_4382-200x300.jpg\" alt=\"In der Wolkenschlossgruppe\" width=\"286\" height=\"429\" srcset=\"https:\/\/integrativer-kiga-sonnentor.de\/wp-content\/uploads\/2015\/09\/IMG_4382-200x300.jpg 200w, https:\/\/integrativer-kiga-sonnentor.de\/wp-content\/uploads\/2015\/09\/IMG_4382.jpg 461w\" sizes=\"auto, (max-width: 286px) 100vw, 286px\" \/><\/a><p id=\"caption-attachment-207\" class=\"wp-caption-text\">In der Wolkenschlossgruppe<\/p><\/div>\n<p>Der Tagesablauf beginnt mit dem Freispiel. Die Phantasie der Kinder bestimmt das Spielgeschehen. Die Kinder haben etwas erlebt und benutzen die freie Spielzeit, um das Erlebte zu verarbeiten. Durch ihre Sinne lernen die Kinder, die sie umgebende Welt kennen und verinnerlichen diese durch ihre Nachahmung (Ged\u00e4chtnisbildung).<\/p>\n<p>Ein Beispiel: Markus kann nicht gehen, er liegt auf dem Bauch und zieht sich mit den Ellenbogen vorw\u00e4rts. Anna legt sich neben ihn und \u201el\u00e4uft\u201c mit ihm um die Wette. Anna hat einen Weg gefunden, Markus zu verstehen, mit ihm in Kontakt\u00a0 zu treten und zu kommunizieren.<\/p>\n<p>Ein weiteres Beispiel: Daniel und Michael haben sich aus Bauelementen eine Kugelbahn gebaut. Simon, ein in seiner Entwicklung verz\u00f6gertes Kind, m\u00f6chte auch mitbauen. Doch Daniel und Michael beklagen sich: \u201eSimon schubst immer alles um!\u201c Die Erzieherin greift ein und macht einen Vorschlag. Daniel und Michael \u00fcbernehmen den Aufbau, Simon darf dann die Kugeln oben einlegen. Die Kinder sind zufrieden. Sie haben einen Weg gefunden, zu dritt so zu spielen, dass sich jeder mit seinen F\u00e4higkeiten einbringen kann.<\/p>\n<p>Beim Umgang miteinander spielt das Vorbild des Erwachsenen eine entscheidende Rolle. Die Erzieher gestalten eine fr\u00f6hliche und entspannte, aber aktive Atmosph\u00e4re. Ihre eigene innere Aktivit\u00e4t (Beobachten der Kinder, deren Verhalten wahrnehmen und verstehen) sowie ihre \u00e4u\u00dfere T\u00e4tigkeit (hauswirtschaftliche und handwerkliche T\u00e4tigkeiten) geben den Kindern Halt und Orientierung und regen sie zum Spielen an.<\/p>\n<p>Gemeinsame Aktivit\u00e4ten wie beispielsweise das w\u00f6chentliche Backen, das Wasserfarbenmalen oder das S\u00e4en der Ostergrasschale im Fr\u00fchjahr, st\u00e4rken das Gruppengef\u00fcge. Die Kinder erleben, dass sie alle, ungeachtet ihrer Schw\u00e4chen und St\u00e4rken, mit einbezogen werden k\u00f6nnen und jeder seinen Teil zum Gelingen des Ganzen beitr\u00e4gt.<\/p>\n<p>&nbsp;<\/p>\n<p>&nbsp;<\/p>\n<p>&nbsp;<\/p>\n<p style=\"text-align: left;\"><b><u>Spielmaterial<\/u><\/b><u><\/u><\/p>\n<p><a href=\"https:\/\/integrativer-kiga-sonnentor.de\/wp-content\/uploads\/2015\/09\/IMG_10181.jpg\" target=\"_blank\" rel=\"noopener\"><img loading=\"lazy\" decoding=\"async\" class=\"alignleft wp-image-86 \" src=\"https:\/\/integrativer-kiga-sonnentor.de\/wp-content\/uploads\/2015\/09\/IMG_10181-300x200.jpg\" alt=\"\" width=\"521\" height=\"347\" srcset=\"https:\/\/integrativer-kiga-sonnentor.de\/wp-content\/uploads\/2015\/09\/IMG_10181-300x200.jpg 300w, https:\/\/integrativer-kiga-sonnentor.de\/wp-content\/uploads\/2015\/09\/IMG_10181-1024x682.jpg 1024w, https:\/\/integrativer-kiga-sonnentor.de\/wp-content\/uploads\/2015\/09\/IMG_10181.jpg 1642w\" sizes=\"auto, (max-width: 521px) 100vw, 521px\" \/><\/a>F\u00fcr die Auswahl des Spielmaterials in unserem Kindergarten gelten folgende Kriterien:<\/p>\n<p>Es soll so frei lassend wie m\u00f6glich sein, um den Kindern ausreichend Raum f\u00fcr ihre eigene Phantasiet\u00e4tigkeit zu lassen und gleichzeitig so ausgeformt wie n\u00f6tig, um auch sinnesschw\u00e4cheren Kindern gen\u00fcgend Anregungen und Reize zu geben, damit diese in ihr eigenes Spiel finden k\u00f6nnen.<\/p>\n<p>Dar\u00fcber hinaus sollen die gew\u00e4hlten Materialien der Pflege, insbesondere der grundlegenden Sinne (Gleichgewichtssinn, Tastsinn, Lebenssinn, Eigenbewegungssinn), dienen. D.h. wir legen Wert auf Naturmaterialien in unterschiedlichen Qualit\u00e4ten, Formen und Farben. Es finden sich in unserem Kindergarten Steine, Zapfen, Muscheln, Kerne und Kastanien. In der Bauecke stehen Holzbaukl\u00f6tze, Baus\u00e4cke mit verschiedener F\u00fcllung sowie farbige T\u00fccher und anderes zur Verf\u00fcgung.<\/p>\n<p>&nbsp;<\/p>\n<p>&nbsp;<\/p>\n<p>&nbsp;<\/p>\n<p>Es gibt aber auch Stricktiere und Puppen, Fellchen und Kissen zum Einkuscheln. Selbst eine Werkbank mit Werkzeug steht bereit, an der die Kinder ihre fein- und grobmotorische Geschicklichkeit er\u00fcben und phantasievolle Gebilde herstellen k\u00f6nnen.<\/p>\n<div id=\"attachment_199\" style=\"width: 283px\" class=\"wp-caption alignnone\"><a href=\"https:\/\/integrativer-kiga-sonnentor.de\/wp-content\/uploads\/2015\/08\/IMG_4384.jpg\" target=\"_blank\" rel=\"noopener\"><img loading=\"lazy\" decoding=\"async\" aria-describedby=\"caption-attachment-199\" class=\"wp-image-199 \" src=\"https:\/\/integrativer-kiga-sonnentor.de\/wp-content\/uploads\/2015\/08\/IMG_4384-200x300.jpg\" alt=\"Puppenecke in der Wolkenschlossgruppe\" width=\"273\" height=\"410\" srcset=\"https:\/\/integrativer-kiga-sonnentor.de\/wp-content\/uploads\/2015\/08\/IMG_4384-200x300.jpg 200w, https:\/\/integrativer-kiga-sonnentor.de\/wp-content\/uploads\/2015\/08\/IMG_4384.jpg 461w\" sizes=\"auto, (max-width: 273px) 100vw, 273px\" \/><\/a><p id=\"caption-attachment-199\" class=\"wp-caption-text\">Puppenecke in der Wolkenschlossgruppe<\/p><\/div>\n<p>&nbsp;<\/p>\n<p>&nbsp;<\/p>\n","protected":false},"excerpt":{"rendered":"<p>Der Tagesablauf beginnt mit dem Freispiel. Die Phantasie der Kinder bestimmt das Spielgeschehen. Die Kinder haben etwas erlebt und benutzen die freie Spielzeit, um das Erlebte zu verarbeiten. Durch ihre Sinne lernen die Kinder, die sie umgebende Welt kennen und&hellip; <\/p>\n","protected":false},"author":1,"featured_media":0,"parent":0,"menu_order":0,"comment_status":"closed","ping_status":"closed","template":"","meta":{"footnotes":""},"class_list":["post-95","page","type-page","status-publish","hentry"],"_links":{"self":[{"href":"https:\/\/integrativer-kiga-sonnentor.de\/index.php?rest_route=\/wp\/v2\/pages\/95","targetHints":{"allow":["GET"]}}],"collection":[{"href":"https:\/\/integrativer-kiga-sonnentor.de\/index.php?rest_route=\/wp\/v2\/pages"}],"about":[{"href":"https:\/\/integrativer-kiga-sonnentor.de\/index.php?rest_route=\/wp\/v2\/types\/page"}],"author":[{"embeddable":true,"href":"https:\/\/integrativer-kiga-sonnentor.de\/index.php?rest_route=\/wp\/v2\/users\/1"}],"replies":[{"embeddable":true,"href":"https:\/\/integrativer-kiga-sonnentor.de\/index.php?rest_route=%2Fwp%2Fv2%2Fcomments&post=95"}],"version-history":[{"count":17,"href":"https:\/\/integrativer-kiga-sonnentor.de\/index.php?rest_route=\/wp\/v2\/pages\/95\/revisions"}],"predecessor-version":[{"id":531,"href":"https:\/\/integrativer-kiga-sonnentor.de\/index.php?rest_route=\/wp\/v2\/pages\/95\/revisions\/531"}],"wp:attachment":[{"href":"https:\/\/integrativer-kiga-sonnentor.de\/index.php?rest_route=%2Fwp%2Fv2%2Fmedia&parent=95"}],"curies":[{"name":"wp","href":"https:\/\/api.w.org\/{rel}","templated":true}]}}