{"id":952,"date":"2020-05-07T11:11:25","date_gmt":"2020-05-07T11:11:25","guid":{"rendered":"http:\/\/integrativer-kiga-sonnentor.de\/?page_id=952"},"modified":"2020-05-07T11:16:11","modified_gmt":"2020-05-07T11:16:11","slug":"fingerspiel","status":"publish","type":"page","link":"https:\/\/integrativer-kiga-sonnentor.de\/?page_id=952","title":{"rendered":"Fingerspiel"},"content":{"rendered":"\n<p class=\"has-text-align-center\"><strong>Fingerspiel im Mai<\/strong> <\/p>\n\n\n\n<p class=\"has-text-align-center\">Maik\u00e4fer Braun <br>Hat einen sch\u00f6nen Traum <br>Maik\u00e4fer Braun <br>Klettert auf einen hohen Baum <br>Maik\u00e4fer Braun <br>Klettert von Blatt zu Blatt <br>Maik\u00e4fer Braun <br>Frisst sich satt <br>Maik\u00e4fer Braun <br>Klettert wieder hinunter <br>Maik\u00e4fer Braun <br>Ist froh und munter <\/p>\n\n\n\n<div class=\"wp-block-image\"><figure class=\"aligncenter size-large is-resized\"><img loading=\"lazy\" decoding=\"async\" src=\"https:\/\/integrativer-kiga-sonnentor.de\/wp-content\/uploads\/2018\/05\/2018-05-04-PHOTO-00000002.jpg\" alt=\"\" class=\"wp-image-604\" width=\"247\" height=\"306\" srcset=\"https:\/\/integrativer-kiga-sonnentor.de\/wp-content\/uploads\/2018\/05\/2018-05-04-PHOTO-00000002.jpg 637w, https:\/\/integrativer-kiga-sonnentor.de\/wp-content\/uploads\/2018\/05\/2018-05-04-PHOTO-00000002-242x300.jpg 242w\" sizes=\"auto, (max-width: 247px) 100vw, 247px\" \/><\/figure><\/div>\n","protected":false},"excerpt":{"rendered":"<p>Fingerspiel im Mai Maik\u00e4fer Braun Hat einen sch\u00f6nen Traum Maik\u00e4fer Braun Klettert auf einen hohen Baum Maik\u00e4fer Braun Klettert von Blatt zu Blatt Maik\u00e4fer Braun Frisst sich satt Maik\u00e4fer Braun Klettert wieder hinunter Maik\u00e4fer Braun Ist froh und munter<\/p>\n","protected":false},"author":1,"featured_media":0,"parent":0,"menu_order":0,"comment_status":"closed","ping_status":"closed","template":"","meta":{"footnotes":""},"class_list":["post-952","page","type-page","status-publish","hentry"],"_links":{"self":[{"href":"https:\/\/integrativer-kiga-sonnentor.de\/index.php?rest_route=\/wp\/v2\/pages\/952","targetHints":{"allow":["GET"]}}],"collection":[{"href":"https:\/\/integrativer-kiga-sonnentor.de\/index.php?rest_route=\/wp\/v2\/pages"}],"about":[{"href":"https:\/\/integrativer-kiga-sonnentor.de\/index.php?rest_route=\/wp\/v2\/types\/page"}],"author":[{"embeddable":true,"href":"https:\/\/integrativer-kiga-sonnentor.de\/index.php?rest_route=\/wp\/v2\/users\/1"}],"replies":[{"embeddable":true,"href":"https:\/\/integrativer-kiga-sonnentor.de\/index.php?rest_route=%2Fwp%2Fv2%2Fcomments&post=952"}],"version-history":[{"count":4,"href":"https:\/\/integrativer-kiga-sonnentor.de\/index.php?rest_route=\/wp\/v2\/pages\/952\/revisions"}],"predecessor-version":[{"id":957,"href":"https:\/\/integrativer-kiga-sonnentor.de\/index.php?rest_route=\/wp\/v2\/pages\/952\/revisions\/957"}],"wp:attachment":[{"href":"https:\/\/integrativer-kiga-sonnentor.de\/index.php?rest_route=%2Fwp%2Fv2%2Fmedia&parent=952"}],"curies":[{"name":"wp","href":"https:\/\/api.w.org\/{rel}","templated":true}]}}