{"id":98,"date":"2015-09-04T19:09:24","date_gmt":"2015-09-04T19:09:24","guid":{"rendered":"http:\/\/integrativer-kiga-sonnentor.de\/?page_id=98"},"modified":"2018-05-10T21:12:09","modified_gmt":"2018-05-10T21:12:09","slug":"morgenkreis","status":"publish","type":"page","link":"https:\/\/integrativer-kiga-sonnentor.de\/?page_id=98","title":{"rendered":"Morgenkreis"},"content":{"rendered":"<div id=\"attachment_617\" style=\"width: 310px\" class=\"wp-caption alignleft\"><a href=\"https:\/\/integrativer-kiga-sonnentor.de\/wp-content\/uploads\/2018\/05\/FullSizeRender-2.jpg\"><img loading=\"lazy\" decoding=\"async\" aria-describedby=\"caption-attachment-617\" class=\"size-medium wp-image-617\" src=\"https:\/\/integrativer-kiga-sonnentor.de\/wp-content\/uploads\/2018\/05\/FullSizeRender-2-300x225.jpg\" alt=\"\" width=\"300\" height=\"225\" srcset=\"https:\/\/integrativer-kiga-sonnentor.de\/wp-content\/uploads\/2018\/05\/FullSizeRender-2-300x225.jpg 300w, https:\/\/integrativer-kiga-sonnentor.de\/wp-content\/uploads\/2018\/05\/FullSizeRender-2-768x576.jpg 768w, https:\/\/integrativer-kiga-sonnentor.de\/wp-content\/uploads\/2018\/05\/FullSizeRender-2-1024x768.jpg 1024w, https:\/\/integrativer-kiga-sonnentor.de\/wp-content\/uploads\/2018\/05\/FullSizeRender-2.jpg 1280w\" sizes=\"auto, (max-width: 300px) 100vw, 300px\" \/><\/a><p id=\"caption-attachment-617\" class=\"wp-caption-text\">Morgenkreis<\/p><\/div>\n<p>Sprache, Gesang und Bewegung sind die Elemente, aus denen der Reigen gestaltet wird.<\/p>\n<p>Jeden Tag nach dem Aufr\u00e4umen taucht die Kindergruppe in ein gemeinsames Bewegungsspiel ein. Themen sind z.B. die Jahreszeiten und Jahresfeste mit den dazugeh\u00f6renden T\u00e4tigkeiten wie etwa dem Graben, Rechen und S\u00e4en des G\u00e4rtners\u00a0 im Fr\u00fchjahr oder dem Ernten im Sp\u00e4tsommer. Auch das Leben der Tiere mit ihren charakteristischen Merkmalen wird gespielt. So erscheinen zu Ostern die H\u00e4schen und zu Pfingsten\u00a0 die V\u00f6gel. Im Herbst kommen\u00a0 vielleicht die Zwerge, die das Leben und das Licht der\u00a0 Pflanzen in die Erde hineintragen und die Tiere, die ihren Winterschlaf halten.<\/p>\n<p>Der\u00a0 Reigen pflegt und bildet das Empfinden f\u00fcr Musik und Rhythmus\u00a0 und schult nicht nur das Bewegungsempfinden durch sinnvolle Geb\u00e4rden, in ihm lebt auch eine freilassende Religiosit\u00e4t. Die Kinder tauchen mit ihrem ganzen Wesen in das Geschehen ein und geben sich f\u00fcr Augenblicke ganz hin an die T\u00e4tigkeit des G\u00e4rtners oder sie schl\u00fcpfen ganz in die Rolle des H\u00e4schens. Die Andacht und die Hingabe, mit der sie dies tun, ist Ausdruck einer Religiosit\u00e4t wie sie ihrer Altersstufe entspricht.<\/p>\n<p>So vorbereitet entwickeln Kinder auch ein besonders intensives Verh\u00e4ltnis zu den Festen, die im Kindergarten gefeiert werden. Sie werden das Erntebrot mit mehr Begeisterung essen, wenn sie vorher spielerisch mit dem Bauern ges\u00e4t und geerntet haben und sie werden die Eier zu Ostern dankbarer in Empfang nehmen, wenn sie sie zuvor mit dem H\u00e4schen im Reigen bunt angemalt und \u00fcberall versteckt haben.<\/p>\n<p>Und nicht zuletzt legt das innige Sicherheitsverbinden mit der Natur im Kindesalter den ersten Grundstein f\u00fcr ein umwelt- und naturfreundliches Verhalten im Erwachsenenalter.<\/p>\n","protected":false},"excerpt":{"rendered":"<p>Sprache, Gesang und Bewegung sind die Elemente, aus denen der Reigen gestaltet wird. Jeden Tag nach dem Aufr\u00e4umen taucht die Kindergruppe in ein gemeinsames Bewegungsspiel ein. Themen sind z.B. die Jahreszeiten und Jahresfeste mit den dazugeh\u00f6renden T\u00e4tigkeiten wie etwa dem&hellip; <\/p>\n","protected":false},"author":1,"featured_media":0,"parent":0,"menu_order":0,"comment_status":"closed","ping_status":"closed","template":"","meta":{"footnotes":""},"class_list":["post-98","page","type-page","status-publish","hentry"],"_links":{"self":[{"href":"https:\/\/integrativer-kiga-sonnentor.de\/index.php?rest_route=\/wp\/v2\/pages\/98","targetHints":{"allow":["GET"]}}],"collection":[{"href":"https:\/\/integrativer-kiga-sonnentor.de\/index.php?rest_route=\/wp\/v2\/pages"}],"about":[{"href":"https:\/\/integrativer-kiga-sonnentor.de\/index.php?rest_route=\/wp\/v2\/types\/page"}],"author":[{"embeddable":true,"href":"https:\/\/integrativer-kiga-sonnentor.de\/index.php?rest_route=\/wp\/v2\/users\/1"}],"replies":[{"embeddable":true,"href":"https:\/\/integrativer-kiga-sonnentor.de\/index.php?rest_route=%2Fwp%2Fv2%2Fcomments&post=98"}],"version-history":[{"count":5,"href":"https:\/\/integrativer-kiga-sonnentor.de\/index.php?rest_route=\/wp\/v2\/pages\/98\/revisions"}],"predecessor-version":[{"id":621,"href":"https:\/\/integrativer-kiga-sonnentor.de\/index.php?rest_route=\/wp\/v2\/pages\/98\/revisions\/621"}],"wp:attachment":[{"href":"https:\/\/integrativer-kiga-sonnentor.de\/index.php?rest_route=%2Fwp%2Fv2%2Fmedia&parent=98"}],"curies":[{"name":"wp","href":"https:\/\/api.w.org\/{rel}","templated":true}]}}